{"id":6448,"date":"2020-08-05T15:49:49","date_gmt":"2020-08-05T12:49:49","guid":{"rendered":"https:\/\/fodele.intermedia.software\/el-greco-%ce%bc%ce%bf%cf%85%cf%83%ce%b5%ce%af%ce%bf\/"},"modified":"2020-09-17T16:16:43","modified_gmt":"2020-09-17T13:16:43","slug":"museo","status":"publish","type":"page","link":"https:\/\/psfodele.gr\/es\/museo\/","title":{"rendered":"Museo"},"content":{"rendered":"\t\t<div data-elementor-type=\"wp-page\" data-elementor-id=\"6448\" class=\"elementor elementor-6448 elementor-3357\">\n\t\t\t\t\t\t<div class=\"elementor-inner\">\n\t\t\t\t<div class=\"elementor-section-wrap\">\n\t\t\t\t\t\t\t\t\t<section class=\"elementor-section elementor-top-section elementor-element elementor-element-d28b3a1 elementor-section-height-min-height elementor-section-boxed elementor-section-height-default elementor-section-items-middle\" data-id=\"d28b3a1\" data-element_type=\"section\" data-settings=\"{&quot;background_background&quot;:&quot;classic&quot;}\">\n\t\t\t\t\t\t<div class=\"elementor-container elementor-column-gap-default\">\n\t\t\t\t\t\t\t<div class=\"elementor-row\">\n\t\t\t\t\t<div class=\"elementor-column elementor-col-33 elementor-top-column elementor-element elementor-element-a7f9ff3\" data-id=\"a7f9ff3\" data-element_type=\"column\">\n\t\t\t<div class=\"elementor-column-wrap\">\n\t\t\t\t\t\t\t<div class=\"elementor-widget-wrap\">\n\t\t\t\t\t\t\t\t<\/div>\n\t\t\t\t\t<\/div>\n\t\t<\/div>\n\t\t\t\t<div class=\"elementor-column elementor-col-33 elementor-top-column elementor-element elementor-element-1ac102e\" data-id=\"1ac102e\" data-element_type=\"column\">\n\t\t\t<div class=\"elementor-column-wrap elementor-element-populated\">\n\t\t\t\t\t\t\t<div class=\"elementor-widget-wrap\">\n\t\t\t\t\t\t<div class=\"elementor-element elementor-element-976ea4b elementor-widget elementor-widget-text-editor\" data-id=\"976ea4b\" data-element_type=\"widget\" data-widget_type=\"text-editor.default\">\n\t\t\t\t<div class=\"elementor-widget-container\">\n\t\t\t\t\t\t\t\t<div class=\"elementor-text-editor elementor-clearfix\">\n\t\t\t\t<p>Horario de apertura:<br \/>\nTodos los d\u00edas de lunes a domingo de 9 a 19 h.<br \/>\nPer\u00edodo de funcionamiento:<br \/>\n1 de abril al 31 de octubre.<\/p>\n\t\t\t\t\t<\/div>\n\t\t\t\t\t\t<\/div>\n\t\t\t\t<\/div>\n\t\t\t\t\t\t<\/div>\n\t\t\t\t\t<\/div>\n\t\t<\/div>\n\t\t\t\t<div class=\"elementor-column elementor-col-33 elementor-top-column elementor-element elementor-element-d4f1722\" data-id=\"d4f1722\" data-element_type=\"column\">\n\t\t\t<div class=\"elementor-column-wrap\">\n\t\t\t\t\t\t\t<div class=\"elementor-widget-wrap\">\n\t\t\t\t\t\t\t\t<\/div>\n\t\t\t\t\t<\/div>\n\t\t<\/div>\n\t\t\t\t\t\t\t\t<\/div>\n\t\t\t\t\t<\/div>\n\t\t<\/section>\n\t\t\t\t<section class=\"elementor-section elementor-top-section elementor-element elementor-element-3444861 elementor-section-boxed elementor-section-height-default elementor-section-height-default\" data-id=\"3444861\" data-element_type=\"section\">\n\t\t\t\t\t\t<div class=\"elementor-container elementor-column-gap-default\">\n\t\t\t\t\t\t\t<div class=\"elementor-row\">\n\t\t\t\t\t<div class=\"elementor-column elementor-col-100 elementor-top-column elementor-element elementor-element-4b46889\" data-id=\"4b46889\" data-element_type=\"column\">\n\t\t\t<div class=\"elementor-column-wrap elementor-element-populated\">\n\t\t\t\t\t\t\t<div class=\"elementor-widget-wrap\">\n\t\t\t\t\t\t<div class=\"elementor-element elementor-element-8f7f87e elementor-widget elementor-widget-text-editor\" data-id=\"8f7f87e\" data-element_type=\"widget\" data-widget_type=\"text-editor.default\">\n\t\t\t\t<div class=\"elementor-widget-container\">\n\t\t\t\t\t\t\t\t<div class=\"elementor-text-editor elementor-clearfix\">\n\t\t\t\t<p>En el majestuoso cuadro de Skotini , cerca de la v\u00edrgen Bizantina , en la posici\u00f3n de \u00bb Arj\u00f3ndica \u00bb funciona el museo del Greco , del pr\u00edncipe de F\u00f3dele.<br \/>\nEl museo se encuentra en un edificio de estilo post-bizantino restaurado bajo la supervisi\u00f3n del ministerio de cultura y funciona desde 1998 , exponiendo c\u00f3pias de obras del gran pintor.\u00a0Y lo visitan alrededor de 10000 personas por a\u00f1o .<\/p>\n<p>Los visitantes pueden adquirir folleter\u00eda gratuita sobre la vida y obra del Greco en 5 idiomas.<\/p>\n\t\t\t\t\t<\/div>\n\t\t\t\t\t\t<\/div>\n\t\t\t\t<\/div>\n\t\t\t\t<div class=\"elementor-element elementor-element-a5509ee elementor-align-center elementor-icon-list--layout-traditional elementor-list-item-link-full_width elementor-widget elementor-widget-icon-list\" data-id=\"a5509ee\" data-element_type=\"widget\" data-widget_type=\"icon-list.default\">\n\t\t\t\t<div class=\"elementor-widget-container\">\n\t\t\t\t\t<ul class=\"elementor-icon-list-items\">\n\t\t\t\t\t\t\t<li class=\"elementor-icon-list-item\">\n\t\t\t\t\t\t\t\t\t\t\t<a href=\"https:\/\/psfodele.gr\/wp-content\/uploads\/2020\/07\/museum.pdf\" target=\"_blank\">\n\n\t\t\t\t\t\t\t\t\t\t\t\t<span class=\"elementor-icon-list-icon\">\n\t\t\t\t\t\t\t<i aria-hidden=\"true\" class=\"fas fa-file-download\"><\/i>\t\t\t\t\t\t<\/span>\n\t\t\t\t\t\t\t\t\t\t<span class=\"elementor-icon-list-text\">Descargar el folleto<\/span>\n\t\t\t\t\t\t\t\t\t\t\t<\/a>\n\t\t\t\t\t\t\t\t\t<\/li>\n\t\t\t\t\t\t<\/ul>\n\t\t\t\t<\/div>\n\t\t\t\t<\/div>\n\t\t\t\t<div class=\"elementor-element elementor-element-96d701c elementor-widget elementor-widget-text-editor\" data-id=\"96d701c\" data-element_type=\"widget\" data-widget_type=\"text-editor.default\">\n\t\t\t\t<div class=\"elementor-widget-container\">\n\t\t\t\t\t\t\t\t<div class=\"elementor-text-editor elementor-clearfix\">\n\t\t\t\t<p>Cerca del museo bajo la sombra de \u00e1rboles centenarios existen cafeterias como para disfrutar de un refrigerio y descansar y a pocos pasos de alli (sub\u00edendo hacia la izquierda ) podemos encontrar una vieja fuente de piedra con un antiguo sistema de bombeo de donde se puede extraer agua fresca , parte de la casa de la campa\u00f1a post- bizantina.<\/p>\n\t\t\t\t\t<\/div>\n\t\t\t\t\t\t<\/div>\n\t\t\t\t<\/div>\n\t\t\t\t\t\t<\/div>\n\t\t\t\t\t<\/div>\n\t\t<\/div>\n\t\t\t\t\t\t\t\t<\/div>\n\t\t\t\t\t<\/div>\n\t\t<\/section>\n\t\t\t\t<section class=\"elementor-section elementor-top-section elementor-element elementor-element-323ecde elementor-section-boxed elementor-section-height-default elementor-section-height-default\" data-id=\"323ecde\" data-element_type=\"section\">\n\t\t\t\t\t\t<div class=\"elementor-container elementor-column-gap-default\">\n\t\t\t\t\t\t\t<div class=\"elementor-row\">\n\t\t\t\t\t<div class=\"elementor-column elementor-col-100 elementor-top-column elementor-element elementor-element-82849eb\" data-id=\"82849eb\" data-element_type=\"column\">\n\t\t\t<div class=\"elementor-column-wrap elementor-element-populated\">\n\t\t\t\t\t\t\t<div class=\"elementor-widget-wrap\">\n\t\t\t\t\t\t<div class=\"elementor-element elementor-element-b4d0ba0 elementor-widget elementor-widget-shortcode\" data-id=\"b4d0ba0\" data-element_type=\"widget\" data-widget_type=\"shortcode.default\">\n\t\t\t\t<div class=\"elementor-widget-container\">\n\t\t\t\t\t<div class=\"elementor-shortcode\"><div class=\"su-image-carousel  image_carousel su-image-carousel-columns-3 su-image-carousel-has-spacing su-image-carousel-crop su-image-carousel-crop-4-3 su-image-carousel-has-lightbox su-image-carousel-has-outline su-image-carousel-adaptive su-image-carousel-slides-style-minimal su-image-carousel-controls-style-light su-image-carousel-align-none\" style=\"\" data-flickity-options='{\"groupCells\":true,\"cellSelector\":\".su-image-carousel-item\",\"adaptiveHeight\":false,\"cellAlign\":\"left\",\"prevNextButtons\":true,\"pageDots\":true,\"autoPlay\":5000,\"imagesLoaded\":true,\"contain\":true,\"selectedAttraction\":0.025,\"friction\":0.28}' id=\"su_image_carousel_69e3549011217\"><div class=\"su-image-carousel-item\"><div class=\"su-image-carousel-item-content\"><a href=\"https:\/\/psfodele.gr\/wp-content\/uploads\/2020\/07\/site032.jpg\" target=\"_blank\" rel=\"noopener noreferrer\" data-caption=\"\"><img width=\"600\" height=\"450\" src=\"https:\/\/psfodele.gr\/wp-content\/uploads\/2020\/07\/site032.jpg\" class=\"\" alt=\"\" loading=\"lazy\" srcset=\"https:\/\/psfodele.gr\/wp-content\/uploads\/2020\/07\/site032.jpg 600w, https:\/\/psfodele.gr\/wp-content\/uploads\/2020\/07\/site032-300x225.jpg 300w\" sizes=\"(max-width: 600px) 100vw, 600px\" \/><\/a><\/div><\/div><div class=\"su-image-carousel-item\"><div class=\"su-image-carousel-item-content\"><a href=\"https:\/\/psfodele.gr\/wp-content\/uploads\/2020\/07\/site031.jpg\" target=\"_blank\" rel=\"noopener noreferrer\" data-caption=\"\"><img width=\"600\" height=\"450\" src=\"https:\/\/psfodele.gr\/wp-content\/uploads\/2020\/07\/site031.jpg\" class=\"\" alt=\"\" loading=\"lazy\" srcset=\"https:\/\/psfodele.gr\/wp-content\/uploads\/2020\/07\/site031.jpg 600w, https:\/\/psfodele.gr\/wp-content\/uploads\/2020\/07\/site031-300x225.jpg 300w\" sizes=\"(max-width: 600px) 100vw, 600px\" \/><\/a><\/div><\/div><div class=\"su-image-carousel-item\"><div class=\"su-image-carousel-item-content\"><a href=\"https:\/\/psfodele.gr\/wp-content\/uploads\/2020\/07\/site028-1.jpg\" target=\"_blank\" rel=\"noopener noreferrer\" data-caption=\"\"><img width=\"600\" height=\"450\" src=\"https:\/\/psfodele.gr\/wp-content\/uploads\/2020\/07\/site028-1.jpg\" class=\"\" alt=\"\" loading=\"lazy\" srcset=\"https:\/\/psfodele.gr\/wp-content\/uploads\/2020\/07\/site028-1.jpg 600w, https:\/\/psfodele.gr\/wp-content\/uploads\/2020\/07\/site028-1-300x225.jpg 300w\" sizes=\"(max-width: 600px) 100vw, 600px\" \/><\/a><\/div><\/div><div class=\"su-image-carousel-item\"><div class=\"su-image-carousel-item-content\"><a href=\"https:\/\/psfodele.gr\/wp-content\/uploads\/2020\/07\/site026-1.jpg\" target=\"_blank\" rel=\"noopener noreferrer\" data-caption=\"\"><img width=\"600\" height=\"450\" src=\"https:\/\/psfodele.gr\/wp-content\/uploads\/2020\/07\/site026-1.jpg\" class=\"\" alt=\"\" loading=\"lazy\" srcset=\"https:\/\/psfodele.gr\/wp-content\/uploads\/2020\/07\/site026-1.jpg 600w, https:\/\/psfodele.gr\/wp-content\/uploads\/2020\/07\/site026-1-300x225.jpg 300w\" sizes=\"(max-width: 600px) 100vw, 600px\" \/><\/a><\/div><\/div><div class=\"su-image-carousel-item\"><div class=\"su-image-carousel-item-content\"><a href=\"https:\/\/psfodele.gr\/wp-content\/uploads\/2020\/07\/site024-2.jpg\" target=\"_blank\" rel=\"noopener noreferrer\" data-caption=\"\"><img width=\"600\" height=\"450\" src=\"https:\/\/psfodele.gr\/wp-content\/uploads\/2020\/07\/site024-2.jpg\" class=\"\" alt=\"\" loading=\"lazy\" srcset=\"https:\/\/psfodele.gr\/wp-content\/uploads\/2020\/07\/site024-2.jpg 600w, https:\/\/psfodele.gr\/wp-content\/uploads\/2020\/07\/site024-2-300x225.jpg 300w\" sizes=\"(max-width: 600px) 100vw, 600px\" \/><\/a><\/div><\/div><div class=\"su-image-carousel-item\"><div class=\"su-image-carousel-item-content\"><a href=\"https:\/\/psfodele.gr\/wp-content\/uploads\/2020\/07\/site022.jpg\" target=\"_blank\" rel=\"noopener noreferrer\" data-caption=\"\"><img width=\"600\" height=\"450\" src=\"https:\/\/psfodele.gr\/wp-content\/uploads\/2020\/07\/site022.jpg\" class=\"\" alt=\"\" loading=\"lazy\" srcset=\"https:\/\/psfodele.gr\/wp-content\/uploads\/2020\/07\/site022.jpg 600w, https:\/\/psfodele.gr\/wp-content\/uploads\/2020\/07\/site022-300x225.jpg 300w\" sizes=\"(max-width: 600px) 100vw, 600px\" \/><\/a><\/div><\/div><div class=\"su-image-carousel-item\"><div class=\"su-image-carousel-item-content\"><a href=\"https:\/\/psfodele.gr\/wp-content\/uploads\/2020\/07\/DSCN1547.jpg\" target=\"_blank\" rel=\"noopener noreferrer\" data-caption=\"\"><img width=\"600\" height=\"450\" src=\"https:\/\/psfodele.gr\/wp-content\/uploads\/2020\/07\/DSCN1547.jpg\" class=\"\" alt=\"\" loading=\"lazy\" srcset=\"https:\/\/psfodele.gr\/wp-content\/uploads\/2020\/07\/DSCN1547.jpg 600w, https:\/\/psfodele.gr\/wp-content\/uploads\/2020\/07\/DSCN1547-300x225.jpg 300w\" sizes=\"(max-width: 600px) 100vw, 600px\" \/><\/a><\/div><\/div><div class=\"su-image-carousel-item\"><div class=\"su-image-carousel-item-content\"><a href=\"https:\/\/psfodele.gr\/wp-content\/uploads\/2020\/07\/DSCN1537.jpg\" target=\"_blank\" rel=\"noopener noreferrer\" data-caption=\"\"><img width=\"600\" height=\"450\" src=\"https:\/\/psfodele.gr\/wp-content\/uploads\/2020\/07\/DSCN1537.jpg\" class=\"\" alt=\"\" loading=\"lazy\" srcset=\"https:\/\/psfodele.gr\/wp-content\/uploads\/2020\/07\/DSCN1537.jpg 600w, https:\/\/psfodele.gr\/wp-content\/uploads\/2020\/07\/DSCN1537-300x225.jpg 300w\" sizes=\"(max-width: 600px) 100vw, 600px\" \/><\/a><\/div><\/div><div class=\"su-image-carousel-item\"><div class=\"su-image-carousel-item-content\"><a href=\"https:\/\/psfodele.gr\/wp-content\/uploads\/2020\/07\/DSCN1516.jpg\" target=\"_blank\" rel=\"noopener noreferrer\" data-caption=\"\"><img width=\"600\" height=\"450\" src=\"https:\/\/psfodele.gr\/wp-content\/uploads\/2020\/07\/DSCN1516.jpg\" class=\"\" alt=\"\" loading=\"lazy\" srcset=\"https:\/\/psfodele.gr\/wp-content\/uploads\/2020\/07\/DSCN1516.jpg 600w, https:\/\/psfodele.gr\/wp-content\/uploads\/2020\/07\/DSCN1516-300x225.jpg 300w\" sizes=\"(max-width: 600px) 100vw, 600px\" \/><\/a><\/div><\/div><div class=\"su-image-carousel-item\"><div class=\"su-image-carousel-item-content\"><a href=\"https:\/\/psfodele.gr\/wp-content\/uploads\/2020\/07\/DSCN1515.jpg\" target=\"_blank\" rel=\"noopener noreferrer\" data-caption=\"\"><img width=\"600\" height=\"450\" src=\"https:\/\/psfodele.gr\/wp-content\/uploads\/2020\/07\/DSCN1515.jpg\" class=\"\" alt=\"\" loading=\"lazy\" srcset=\"https:\/\/psfodele.gr\/wp-content\/uploads\/2020\/07\/DSCN1515.jpg 600w, https:\/\/psfodele.gr\/wp-content\/uploads\/2020\/07\/DSCN1515-300x225.jpg 300w\" sizes=\"(max-width: 600px) 100vw, 600px\" \/><\/a><\/div><\/div><\/div><script id=\"su_image_carousel_69e3549011217_script\">if(window.SUImageCarousel){setTimeout(function() {window.SUImageCarousel.initGallery(document.getElementById(\"su_image_carousel_69e3549011217\"))}, 0);}var su_image_carousel_69e3549011217_script=document.getElementById(\"su_image_carousel_69e3549011217_script\");if(su_image_carousel_69e3549011217_script){su_image_carousel_69e3549011217_script.parentNode.removeChild(su_image_carousel_69e3549011217_script);}<\/script><\/div>\n\t\t\t\t<\/div>\n\t\t\t\t<\/div>\n\t\t\t\t\t\t<\/div>\n\t\t\t\t\t<\/div>\n\t\t<\/div>\n\t\t\t\t\t\t\t\t<\/div>\n\t\t\t\t\t<\/div>\n\t\t<\/section>\n\t\t\t\t\t\t\t\t\t<\/div>\n\t\t\t<\/div>\n\t\t\t\t\t<\/div>\n\t\t","protected":false},"excerpt":{"rendered":"<p>Horario de apertura: Todos los d\u00edas de lunes a domingo de 9 a 19 h. Per\u00edodo de funcionamiento: 1 de abril al 31 de octubre. En el majestuoso cuadro de Skotini , cerca de la v\u00edrgen Bizantina , en la posici\u00f3n de \u00bb Arj\u00f3ndica \u00bb funciona el museo del Greco , del pr\u00edncipe de F\u00f3dele. [&hellip;]<\/p>\n","protected":false},"author":5,"featured_media":0,"parent":0,"menu_order":0,"comment_status":"closed","ping_status":"closed","template":"","meta":[],"_links":{"self":[{"href":"https:\/\/psfodele.gr\/es\/wp-json\/wp\/v2\/pages\/6448"}],"collection":[{"href":"https:\/\/psfodele.gr\/es\/wp-json\/wp\/v2\/pages"}],"about":[{"href":"https:\/\/psfodele.gr\/es\/wp-json\/wp\/v2\/types\/page"}],"author":[{"embeddable":true,"href":"https:\/\/psfodele.gr\/es\/wp-json\/wp\/v2\/users\/5"}],"replies":[{"embeddable":true,"href":"https:\/\/psfodele.gr\/es\/wp-json\/wp\/v2\/comments?post=6448"}],"version-history":[{"count":5,"href":"https:\/\/psfodele.gr\/es\/wp-json\/wp\/v2\/pages\/6448\/revisions"}],"predecessor-version":[{"id":7498,"href":"https:\/\/psfodele.gr\/es\/wp-json\/wp\/v2\/pages\/6448\/revisions\/7498"}],"wp:attachment":[{"href":"https:\/\/psfodele.gr\/es\/wp-json\/wp\/v2\/media?parent=6448"}],"curies":[{"name":"wp","href":"https:\/\/api.w.org\/{rel}","templated":true}]}}