{"id":6522,"date":"2020-08-07T12:33:39","date_gmt":"2020-08-07T09:33:39","guid":{"rendered":"https:\/\/fodele.intermedia.software\/%cf%80%ce%bf%ce%bb%ce%b9%cf%84%ce%b9%cf%83%cf%84%ce%b9%ce%ba%cf%8c%cf%82-%cf%83%cf%8d%ce%bb%ce%bb%ce%bf%ce%b3%ce%bf%cf%82-%cf%86%cf%8c%ce%b4%ce%b5%ce%bb%ce%b5\/"},"modified":"2020-09-16T10:23:08","modified_gmt":"2020-09-16T07:23:08","slug":"asociacion-cultural-de-fodele","status":"publish","type":"page","link":"https:\/\/psfodele.gr\/es\/asociacion-cultural-de-fodele\/","title":{"rendered":"Asociaci\u00f3n cultural de F\u00f3dele"},"content":{"rendered":"\t\t<div data-elementor-type=\"wp-page\" data-elementor-id=\"6522\" class=\"elementor elementor-6522 elementor-3671\">\n\t\t\t\t\t\t<div class=\"elementor-inner\">\n\t\t\t\t<div class=\"elementor-section-wrap\">\n\t\t\t\t\t\t\t\t\t<section class=\"elementor-section elementor-top-section elementor-element elementor-element-4a23b6b elementor-section-boxed elementor-section-height-default elementor-section-height-default\" data-id=\"4a23b6b\" data-element_type=\"section\">\n\t\t\t\t\t\t<div class=\"elementor-container elementor-column-gap-default\">\n\t\t\t\t\t\t\t<div class=\"elementor-row\">\n\t\t\t\t\t<div class=\"elementor-column elementor-col-50 elementor-top-column elementor-element elementor-element-2a38d29\" data-id=\"2a38d29\" data-element_type=\"column\">\n\t\t\t<div class=\"elementor-column-wrap elementor-element-populated\">\n\t\t\t\t\t\t\t<div class=\"elementor-widget-wrap\">\n\t\t\t\t\t\t<div class=\"elementor-element elementor-element-8b5c85d elementor-widget elementor-widget-image\" data-id=\"8b5c85d\" data-element_type=\"widget\" data-widget_type=\"image.default\">\n\t\t\t\t<div class=\"elementor-widget-container\">\n\t\t\t\t\t\t\t\t<div class=\"elementor-image\">\n\t\t\t\t\t\t\t\t\t\t\t\t<img width=\"434\" height=\"862\" src=\"https:\/\/psfodele.gr\/wp-content\/uploads\/2020\/09\/Untitled4.png\" class=\"attachment-large size-large\" alt=\"\" loading=\"lazy\" srcset=\"https:\/\/psfodele.gr\/wp-content\/uploads\/2020\/09\/Untitled4.png 434w, https:\/\/psfodele.gr\/wp-content\/uploads\/2020\/09\/Untitled4-151x300.png 151w\" sizes=\"(max-width: 434px) 100vw, 434px\" \/>\t\t\t\t\t\t\t\t\t\t\t\t\t\t<\/div>\n\t\t\t\t\t\t<\/div>\n\t\t\t\t<\/div>\n\t\t\t\t\t\t<\/div>\n\t\t\t\t\t<\/div>\n\t\t<\/div>\n\t\t\t\t<div class=\"elementor-column elementor-col-50 elementor-top-column elementor-element elementor-element-75a558e\" data-id=\"75a558e\" data-element_type=\"column\">\n\t\t\t<div class=\"elementor-column-wrap elementor-element-populated\">\n\t\t\t\t\t\t\t<div class=\"elementor-widget-wrap\">\n\t\t\t\t\t\t<div class=\"elementor-element elementor-element-c24b17f elementor-widget elementor-widget-text-editor\" data-id=\"c24b17f\" data-element_type=\"widget\" data-widget_type=\"text-editor.default\">\n\t\t\t\t<div class=\"elementor-widget-container\">\n\t\t\t\t\t\t\t\t<div class=\"elementor-text-editor elementor-clearfix\">\n\t\t\t\t<p>La asociaci\u00f3n cultural de Fodele\u00a0<strong>\u00bbDomenikos Theotokopoulos\u00bb<\/strong>\u00a0\u00a0se fundo en 1982 con el objetivo concreto de proteger y exibir el patrimonio cultural y paisaj\u00edstico de la regi\u00f3n . Con las tradiciones del lugar como herramientas y la organizaci\u00f3n de eventos musicales y culturales tiene como objetivo a traves de la participaci\u00f3n y la interacci\u00f3n de los habitantes el sentido de la comuna y su consolidaci\u00f3n en las ra\u00edces que se pierden en la profundidad del tiempo.<\/p>\n<p>Resurge tradiciones muy antiguas como la de Klidona en la fiesta de San Ju\u00e1n o del carnaval, organiza excursiones educativas y disfrutables en sitios arqueol\u00f3gicos y lugares hist\u00f3ricos de Creta, manifestaciones teatrales y musicales.<\/p>\n<p>Con el apoyo de personas que aportan ayuda econ\u00f3mica se trabaja en la publicaci\u00f3n de libros que describen el recorrido hist\u00f3rico de F\u00f3dele y en paralelo se forma la biblioteca del pueblo e internet para la juventud.<\/p>\n<p>Administra el museo del Greco, organiza conciertos y actividades recreativas, teniendo como objetivo convertirlo en celula viva y espacio en com\u00fan para el intercambio de opiniones, ideas y conocimientos.<\/p>\n<p>Finalmente, con la realizaci\u00f3n del\u00a0<strong>\u00bbFestival Cultural de Fodele\u00bb<\/strong>\u00a0y las actividades del mes de Agosto se persigue el objetivo servir como modelo a seguir para otras comunidades cretenses mostrando en paralelo la belleza y la historia del lugar.<\/p>\n\t\t\t\t\t<\/div>\n\t\t\t\t\t\t<\/div>\n\t\t\t\t<\/div>\n\t\t\t\t\t\t<\/div>\n\t\t\t\t\t<\/div>\n\t\t<\/div>\n\t\t\t\t\t\t\t\t<\/div>\n\t\t\t\t\t<\/div>\n\t\t<\/section>\n\t\t\t\t\t\t\t\t\t<\/div>\n\t\t\t<\/div>\n\t\t\t\t\t<\/div>\n\t\t","protected":false},"excerpt":{"rendered":"<p>La asociaci\u00f3n cultural de Fodele\u00a0\u00bbDomenikos Theotokopoulos\u00bb\u00a0\u00a0se fundo en 1982 con el objetivo concreto de proteger y exibir el patrimonio cultural y paisaj\u00edstico de la regi\u00f3n . Con las tradiciones del lugar como herramientas y la organizaci\u00f3n de eventos musicales y culturales tiene como objetivo a traves de la participaci\u00f3n y la interacci\u00f3n de los habitantes [&hellip;]<\/p>\n","protected":false},"author":5,"featured_media":0,"parent":0,"menu_order":0,"comment_status":"closed","ping_status":"closed","template":"","meta":[],"_links":{"self":[{"href":"https:\/\/psfodele.gr\/es\/wp-json\/wp\/v2\/pages\/6522"}],"collection":[{"href":"https:\/\/psfodele.gr\/es\/wp-json\/wp\/v2\/pages"}],"about":[{"href":"https:\/\/psfodele.gr\/es\/wp-json\/wp\/v2\/types\/page"}],"author":[{"embeddable":true,"href":"https:\/\/psfodele.gr\/es\/wp-json\/wp\/v2\/users\/5"}],"replies":[{"embeddable":true,"href":"https:\/\/psfodele.gr\/es\/wp-json\/wp\/v2\/comments?post=6522"}],"version-history":[{"count":4,"href":"https:\/\/psfodele.gr\/es\/wp-json\/wp\/v2\/pages\/6522\/revisions"}],"predecessor-version":[{"id":7065,"href":"https:\/\/psfodele.gr\/es\/wp-json\/wp\/v2\/pages\/6522\/revisions\/7065"}],"wp:attachment":[{"href":"https:\/\/psfodele.gr\/es\/wp-json\/wp\/v2\/media?parent=6522"}],"curies":[{"name":"wp","href":"https:\/\/api.w.org\/{rel}","templated":true}]}}