{"id":6559,"date":"2020-08-05T15:56:18","date_gmt":"2020-08-05T12:56:18","guid":{"rendered":"https:\/\/fodele.intermedia.software\/%cf%87%cf%89%cf%81%ce%b9%cf%8c-%cf%86\/"},"modified":"2021-06-15T17:26:41","modified_gmt":"2021-06-15T14:26:41","slug":"fodele","status":"publish","type":"page","link":"https:\/\/psfodele.gr\/es\/fodele\/","title":{"rendered":"Fodele"},"content":{"rendered":"\t\t<div data-elementor-type=\"wp-page\" data-elementor-id=\"6559\" class=\"elementor elementor-6559 elementor-3372\">\n\t\t\t\t\t\t<div class=\"elementor-inner\">\n\t\t\t\t<div class=\"elementor-section-wrap\">\n\t\t\t\t\t\t\t\t\t<section class=\"elementor-section elementor-top-section elementor-element elementor-element-7659d2b elementor-section-boxed elementor-section-height-default elementor-section-height-default\" data-id=\"7659d2b\" data-element_type=\"section\" data-settings=\"{&quot;animation&quot;:&quot;none&quot;}\">\n\t\t\t\t\t\t<div class=\"elementor-container elementor-column-gap-default\">\n\t\t\t\t\t\t\t<div class=\"elementor-row\">\n\t\t\t\t\t<div class=\"elementor-column elementor-col-100 elementor-top-column elementor-element elementor-element-0a978eb\" data-id=\"0a978eb\" data-element_type=\"column\" data-settings=\"{&quot;animation&quot;:&quot;none&quot;}\">\n\t\t\t<div class=\"elementor-column-wrap elementor-element-populated\">\n\t\t\t\t\t\t\t<div class=\"elementor-widget-wrap\">\n\t\t\t\t\t\t<section class=\"elementor-section elementor-inner-section elementor-element elementor-element-6880ba3 elementor-section-boxed elementor-section-height-default elementor-section-height-default\" data-id=\"6880ba3\" data-element_type=\"section\">\n\t\t\t\t\t\t<div class=\"elementor-container elementor-column-gap-default\">\n\t\t\t\t\t\t\t<div class=\"elementor-row\">\n\t\t\t\t\t<div class=\"elementor-column elementor-col-100 elementor-inner-column elementor-element elementor-element-60a56e8\" data-id=\"60a56e8\" data-element_type=\"column\">\n\t\t\t<div class=\"elementor-column-wrap elementor-element-populated\">\n\t\t\t\t\t\t\t<div class=\"elementor-widget-wrap\">\n\t\t\t\t\t\t<div class=\"elementor-element elementor-element-ccf3056 elementor-blockquote--skin-border elementor-blockquote--button-color-official elementor-widget elementor-widget-blockquote\" data-id=\"ccf3056\" data-element_type=\"widget\" data-widget_type=\"blockquote.default\">\n\t\t\t\t<div class=\"elementor-widget-container\">\n\t\t\t\t\t<blockquote class=\"elementor-blockquote\">\n\t\t\t<p class=\"elementor-blockquote__content\">\n\t\t\t\tEl techo del para\u00edso lo tiene F\u00f3dele que tiene  las flores de los limones y el agua que fluye\t\t\t<\/p>\n\t\t\t\t\t<\/blockquote>\n\t\t\t\t<\/div>\n\t\t\t\t<\/div>\n\t\t\t\t<div class=\"elementor-element elementor-element-e44fd64 elementor-widget elementor-widget-text-editor\" data-id=\"e44fd64\" data-element_type=\"widget\" data-widget_type=\"text-editor.default\">\n\t\t\t\t<div class=\"elementor-widget-container\">\n\t\t\t\t\t\t\t\t<div class=\"elementor-text-editor elementor-clearfix\">\n\t\t\t\t<p>Pueblo del munic\u00edpio de Malevisi , al oeste de Her\u00e1klion . Para llegar debes tomar la bifurcaci\u00f3n hacia la derecha en el kil\u00f3metro 25 de la ruta nacional\u00a0Her\u00e1klion \u2013Hanni\u00e1.<\/p>\n<p>El id\u00edlico pueblo de F\u00f3dele , un verdadero o\u00e1sis de verdes , flores , colores perfumes y aguas , se encuentra en un estrecho valle que lleva su mismo nombre. Rodeado de nar\u00e1njos y limoneros es atravesado por el r\u00edo Pantomantri ,\u00a0y su ubicaci\u00f3n es coronada por monta\u00f1as repletas de \u00e1rboles silvestres , aguas y cuevas\u00a0Un lugar hermos\u00edsimo con hist\u00f3ria colmado de leyendas , mitos y tradiciones :<\/p>\n<p>Hadas que bailan de noche en las corrientes de los arroyuelos ,\u00a0criaturas que cantan dulcemente tocando la lira a los platanos , santos \u00bbintermediarios\u00bb a los amores , dem\u00f3nios que seducen al caminante nocturno , esp\u00edritus buenos que protegen los hogares , y campanas que repican por las noches en las cuevas &#8230;<\/p>\n<p>Lugar donde seg\u00fan la tradici\u00f3n se di\u00f3 a luz al m\u00e1s gran pintor El Greco.<\/p>\n<p>Los habitantes simples , cordiales y generosos tienen como principal medio de vida la crianza de animales , el cultivo de hortalizas , legumbres , olivares y sobre todo c\u00edtricos.<\/p>\n<p>Estos cultivos , siguieron las huellas de una larga y antigua tradici\u00f3n . haciendo de F\u00f3dele un verdadero monumento natural . Dicha tradici\u00f3n quedo impresa literalmente en los textos de los antiguos viajeros : Crist\u00f3foro Buodelmonti en 1415 escribe que F\u00f3dele esta adornado por centenares de \u00e1rboles frutales. En 1842 Bizantios\u00a0observa que \u00bbeste pueblo produce un sinn\u00famero de limones y naranjas\u00bb<\/p>\n\t\t\t\t\t<\/div>\n\t\t\t\t\t\t<\/div>\n\t\t\t\t<\/div>\n\t\t\t\t\t\t<\/div>\n\t\t\t\t\t<\/div>\n\t\t<\/div>\n\t\t\t\t\t\t\t\t<\/div>\n\t\t\t\t\t<\/div>\n\t\t<\/section>\n\t\t\t\t\t\t<\/div>\n\t\t\t\t\t<\/div>\n\t\t<\/div>\n\t\t\t\t\t\t\t\t<\/div>\n\t\t\t\t\t<\/div>\n\t\t<\/section>\n\t\t\t\t<section class=\"elementor-section elementor-top-section elementor-element elementor-element-90c6a0c elementor-section-boxed elementor-section-height-default elementor-section-height-default\" data-id=\"90c6a0c\" data-element_type=\"section\">\n\t\t\t\t\t\t<div class=\"elementor-container elementor-column-gap-default\">\n\t\t\t\t\t\t\t<div class=\"elementor-row\">\n\t\t\t\t\t<div class=\"elementor-column elementor-col-100 elementor-top-column elementor-element elementor-element-407fd8b\" data-id=\"407fd8b\" data-element_type=\"column\">\n\t\t\t<div class=\"elementor-column-wrap elementor-element-populated\">\n\t\t\t\t\t\t\t<div class=\"elementor-widget-wrap\">\n\t\t\t\t\t\t<div class=\"elementor-element elementor-element-dc60474 elementor-widget elementor-widget-gallery\" data-id=\"dc60474\" data-element_type=\"widget\" data-settings=\"{&quot;gap&quot;:{&quot;unit&quot;:&quot;px&quot;,&quot;size&quot;:5,&quot;sizes&quot;:[]},&quot;_animation&quot;:&quot;none&quot;,&quot;gallery_layout&quot;:&quot;justified&quot;,&quot;ideal_row_height&quot;:{&quot;unit&quot;:&quot;px&quot;,&quot;size&quot;:184,&quot;sizes&quot;:[]},&quot;ideal_row_height_tablet&quot;:{&quot;unit&quot;:&quot;px&quot;,&quot;size&quot;:150,&quot;sizes&quot;:[]},&quot;ideal_row_height_mobile&quot;:{&quot;unit&quot;:&quot;px&quot;,&quot;size&quot;:150,&quot;sizes&quot;:[]},&quot;gap_tablet&quot;:{&quot;unit&quot;:&quot;px&quot;,&quot;size&quot;:10,&quot;sizes&quot;:[]},&quot;gap_mobile&quot;:{&quot;unit&quot;:&quot;px&quot;,&quot;size&quot;:10,&quot;sizes&quot;:[]},&quot;link_to&quot;:&quot;file&quot;,&quot;overlay_background&quot;:&quot;yes&quot;,&quot;content_hover_animation&quot;:&quot;fade-in&quot;}\" data-widget_type=\"gallery.default\">\n\t\t\t\t<div class=\"elementor-widget-container\">\n\t\t\t\t\t<div class=\"elementor-gallery__container\">\n\t\t\t\t\t\t\t<a class=\"e-gallery-item elementor-gallery-item elementor-animated-content\" href=\"https:\/\/psfodele.gr\/wp-content\/uploads\/2020\/09\/15-02-2010-\u03a6\u039f\u0394\u0395\u039b\u0395-\u03a0\u0391\u039d\u039f\u03a1\u0391\u039c\u0399\u039a\u0391-276.jpg\" data-elementor-open-lightbox=\"yes\" data-elementor-lightbox-slideshow=\"all-dc60474\" e-action-hash=\"#elementor-action%3Aaction%3Dlightbox%26settings%3DeyJpZCI6NDcxMywidXJsIjoiaHR0cHM6XC9cL3BzZm9kZWxlLmdyXC93cC1jb250ZW50XC91cGxvYWRzXC8yMDIwXC8wOVwvMTUtMDItMjAxMC1cdTAzYTZcdTAzOWZcdTAzOTRcdTAzOTVcdTAzOWJcdTAzOTUtXHUwM2EwXHUwMzkxXHUwMzlkXHUwMzlmXHUwM2ExXHUwMzkxXHUwMzljXHUwMzk5XHUwMzlhXHUwMzkxLTI3Ni5qcGciLCJzbGlkZXNob3ciOiJhbGwtZGM2MDQ3NCJ9\">\n\t\t\t\t\t<div class=\"e-gallery-image elementor-gallery-item__image\" data-thumbnail=\"https:\/\/psfodele.gr\/wp-content\/uploads\/2020\/09\/15-02-2010-\u03a6\u039f\u0394\u0395\u039b\u0395-\u03a0\u0391\u039d\u039f\u03a1\u0391\u039c\u0399\u039a\u0391-276-300x225.jpg\" data-width=\"300\" data-height=\"225\" alt=\"\" ><\/div>\n\t\t\t\t\t\t\t\t\t\t\t<div class=\"elementor-gallery-item__overlay\"><\/div>\n\t\t\t\t\t\t\t\t\t\t\t\t\t\t<\/a>\n\t\t\t\t\t\t\t<a class=\"e-gallery-item elementor-gallery-item elementor-animated-content\" href=\"https:\/\/psfodele.gr\/wp-content\/uploads\/2020\/07\/pasxa2006020-1.jpg\" data-elementor-open-lightbox=\"yes\" data-elementor-lightbox-slideshow=\"all-dc60474\" e-action-hash=\"#elementor-action%3Aaction%3Dlightbox%26settings%3DeyJpZCI6MTU2MCwidXJsIjoiaHR0cHM6XC9cL3BzZm9kZWxlLmdyXC93cC1jb250ZW50XC91cGxvYWRzXC8yMDIwXC8wN1wvcGFzeGEyMDA2MDIwLTEuanBnIiwic2xpZGVzaG93IjoiYWxsLWRjNjA0NzQifQ%3D%3D\">\n\t\t\t\t\t<div class=\"e-gallery-image elementor-gallery-item__image\" data-thumbnail=\"https:\/\/psfodele.gr\/wp-content\/uploads\/2020\/07\/pasxa2006020-1-300x225.jpg\" data-width=\"300\" data-height=\"225\" alt=\"\" ><\/div>\n\t\t\t\t\t\t\t\t\t\t\t<div class=\"elementor-gallery-item__overlay\"><\/div>\n\t\t\t\t\t\t\t\t\t\t\t\t\t\t<\/a>\n\t\t\t\t\t\t\t<a class=\"e-gallery-item elementor-gallery-item elementor-animated-content\" href=\"https:\/\/psfodele.gr\/wp-content\/uploads\/2020\/07\/252.jpg\" data-elementor-open-lightbox=\"yes\" data-elementor-lightbox-slideshow=\"all-dc60474\" e-action-hash=\"#elementor-action%3Aaction%3Dlightbox%26settings%3DeyJpZCI6MTA2MSwidXJsIjoiaHR0cHM6XC9cL3BzZm9kZWxlLmdyXC93cC1jb250ZW50XC91cGxvYWRzXC8yMDIwXC8wN1wvMjUyLmpwZyIsInNsaWRlc2hvdyI6ImFsbC1kYzYwNDc0In0%3D\">\n\t\t\t\t\t<div class=\"e-gallery-image elementor-gallery-item__image\" data-thumbnail=\"https:\/\/psfodele.gr\/wp-content\/uploads\/2020\/07\/252-300x225.jpg\" data-width=\"300\" data-height=\"225\" alt=\"\" ><\/div>\n\t\t\t\t\t\t\t\t\t\t\t<div class=\"elementor-gallery-item__overlay\"><\/div>\n\t\t\t\t\t\t\t\t\t\t\t\t\t\t<\/a>\n\t\t\t\t\t\t\t<a class=\"e-gallery-item elementor-gallery-item elementor-animated-content\" href=\"https:\/\/psfodele.gr\/wp-content\/uploads\/2020\/07\/2012.jpg\" data-elementor-open-lightbox=\"yes\" data-elementor-lightbox-slideshow=\"all-dc60474\" e-action-hash=\"#elementor-action%3Aaction%3Dlightbox%26settings%3DeyJpZCI6MTE1NCwidXJsIjoiaHR0cHM6XC9cL3BzZm9kZWxlLmdyXC93cC1jb250ZW50XC91cGxvYWRzXC8yMDIwXC8wN1wvMjAxMi5qcGciLCJzbGlkZXNob3ciOiJhbGwtZGM2MDQ3NCJ9\">\n\t\t\t\t\t<div class=\"e-gallery-image elementor-gallery-item__image\" data-thumbnail=\"https:\/\/psfodele.gr\/wp-content\/uploads\/2020\/07\/2012-300x225.jpg\" data-width=\"300\" data-height=\"225\" alt=\"\" ><\/div>\n\t\t\t\t\t\t\t\t\t\t\t<div class=\"elementor-gallery-item__overlay\"><\/div>\n\t\t\t\t\t\t\t\t\t\t\t\t\t\t<\/a>\n\t\t\t\t\t\t\t<a class=\"e-gallery-item elementor-gallery-item elementor-animated-content\" href=\"https:\/\/psfodele.gr\/wp-content\/uploads\/2020\/07\/site087.jpg\" data-elementor-open-lightbox=\"yes\" data-elementor-lightbox-slideshow=\"all-dc60474\" e-action-hash=\"#elementor-action%3Aaction%3Dlightbox%26settings%3DeyJpZCI6MTU0NSwidXJsIjoiaHR0cHM6XC9cL3BzZm9kZWxlLmdyXC93cC1jb250ZW50XC91cGxvYWRzXC8yMDIwXC8wN1wvc2l0ZTA4Ny5qcGciLCJzbGlkZXNob3ciOiJhbGwtZGM2MDQ3NCJ9\">\n\t\t\t\t\t<div class=\"e-gallery-image elementor-gallery-item__image\" data-thumbnail=\"https:\/\/psfodele.gr\/wp-content\/uploads\/2020\/07\/site087-300x225.jpg\" data-width=\"300\" data-height=\"225\" alt=\"\" ><\/div>\n\t\t\t\t\t\t\t\t\t\t\t<div class=\"elementor-gallery-item__overlay\"><\/div>\n\t\t\t\t\t\t\t\t\t\t\t\t\t\t<\/a>\n\t\t\t\t\t<\/div>\n\t\t\t<\/div>\n\t\t\t\t<\/div>\n\t\t\t\t\t\t<\/div>\n\t\t\t\t\t<\/div>\n\t\t<\/div>\n\t\t\t\t\t\t\t\t<\/div>\n\t\t\t\t\t<\/div>\n\t\t<\/section>\n\t\t\t\t\t\t\t\t\t<\/div>\n\t\t\t<\/div>\n\t\t\t\t\t<\/div>\n\t\t","protected":false},"excerpt":{"rendered":"<p>El techo del para\u00edso lo tiene F\u00f3dele que tiene las flores de los limones y el agua que fluye Pueblo del munic\u00edpio de Malevisi , al oeste de Her\u00e1klion . Para llegar debes tomar la bifurcaci\u00f3n hacia la derecha en el kil\u00f3metro 25 de la ruta nacional\u00a0Her\u00e1klion \u2013Hanni\u00e1. El id\u00edlico pueblo de F\u00f3dele , un [&hellip;]<\/p>\n","protected":false},"author":5,"featured_media":0,"parent":0,"menu_order":0,"comment_status":"closed","ping_status":"closed","template":"","meta":[],"_links":{"self":[{"href":"https:\/\/psfodele.gr\/es\/wp-json\/wp\/v2\/pages\/6559"}],"collection":[{"href":"https:\/\/psfodele.gr\/es\/wp-json\/wp\/v2\/pages"}],"about":[{"href":"https:\/\/psfodele.gr\/es\/wp-json\/wp\/v2\/types\/page"}],"author":[{"embeddable":true,"href":"https:\/\/psfodele.gr\/es\/wp-json\/wp\/v2\/users\/5"}],"replies":[{"embeddable":true,"href":"https:\/\/psfodele.gr\/es\/wp-json\/wp\/v2\/comments?post=6559"}],"version-history":[{"count":5,"href":"https:\/\/psfodele.gr\/es\/wp-json\/wp\/v2\/pages\/6559\/revisions"}],"predecessor-version":[{"id":7502,"href":"https:\/\/psfodele.gr\/es\/wp-json\/wp\/v2\/pages\/6559\/revisions\/7502"}],"wp:attachment":[{"href":"https:\/\/psfodele.gr\/es\/wp-json\/wp\/v2\/media?parent=6559"}],"curies":[{"name":"wp","href":"https:\/\/api.w.org\/{rel}","templated":true}]}}