{"id":6268,"date":"2020-09-14T10:35:41","date_gmt":"2020-09-14T07:35:41","guid":{"rendered":"https:\/\/fodele.intermedia.software\/%ce%b1%cf%80%cf%8c-%cf%84%ce%b7-%ce%b5%ce%af%cf%83%ce%bf%ce%b4%ce%bf-%cf%84%ce%bf%cf%85-%cf%87%cf%89%cf%81%ce%b9%ce%bf%cf%8d\/"},"modified":"2020-09-17T16:19:52","modified_gmt":"2020-09-17T13:19:52","slug":"de-lentree-du-village","status":"publish","type":"page","link":"https:\/\/psfodele.gr\/fr\/fodele\/sentiers\/de-lentree-du-village\/","title":{"rendered":"De l&rsquo;entr\u00e9e du village"},"content":{"rendered":"\t\t<div data-elementor-type=\"wp-page\" data-elementor-id=\"6268\" class=\"elementor elementor-6268 elementor-5893\">\n\t\t\t\t\t\t<div class=\"elementor-inner\">\n\t\t\t\t<div class=\"elementor-section-wrap\">\n\t\t\t\t\t\t\t\t\t<section class=\"elementor-section elementor-top-section elementor-element elementor-element-c63597f elementor-section-height-min-height elementor-section-boxed elementor-section-height-default elementor-section-items-middle\" data-id=\"c63597f\" data-element_type=\"section\" data-settings=\"{&quot;background_background&quot;:&quot;classic&quot;}\">\n\t\t\t\t\t\t<div class=\"elementor-container elementor-column-gap-default\">\n\t\t\t\t\t\t\t<div class=\"elementor-row\">\n\t\t\t\t\t<div class=\"elementor-column elementor-col-100 elementor-top-column elementor-element elementor-element-814ee07\" data-id=\"814ee07\" data-element_type=\"column\">\n\t\t\t<div class=\"elementor-column-wrap\">\n\t\t\t\t\t\t\t<div class=\"elementor-widget-wrap\">\n\t\t\t\t\t\t\t\t<\/div>\n\t\t\t\t\t<\/div>\n\t\t<\/div>\n\t\t\t\t\t\t\t\t<\/div>\n\t\t\t\t\t<\/div>\n\t\t<\/section>\n\t\t\t\t<section class=\"elementor-section elementor-top-section elementor-element elementor-element-81a2810 elementor-section-boxed elementor-section-height-default elementor-section-height-default\" data-id=\"81a2810\" data-element_type=\"section\">\n\t\t\t\t\t\t<div class=\"elementor-container elementor-column-gap-default\">\n\t\t\t\t\t\t\t<div class=\"elementor-row\">\n\t\t\t\t\t<div class=\"elementor-column elementor-col-100 elementor-top-column elementor-element elementor-element-be43985\" data-id=\"be43985\" data-element_type=\"column\">\n\t\t\t<div class=\"elementor-column-wrap elementor-element-populated\">\n\t\t\t\t\t\t\t<div class=\"elementor-widget-wrap\">\n\t\t\t\t\t\t<div class=\"elementor-element elementor-element-eec55ba elementor-widget elementor-widget-text-editor\" data-id=\"eec55ba\" data-element_type=\"widget\" data-widget_type=\"text-editor.default\">\n\t\t\t\t<div class=\"elementor-widget-container\">\n\t\t\t\t\t\t\t\t<div class=\"elementor-text-editor elementor-clearfix\">\n\t\t\t\t<p style=\"text-align: justify;\">En partant de l&rsquo;entr\u00e9e du village, tournant sur la droite au premier pont et longeant le fleuve qui coule au milieu d&rsquo;un paysage verdoyant on arrive dans 15 minutes \u00e0 l&rsquo;\u00e9glise de la Vierge, un v\u00e9ritable joyau de l&rsquo;art et de l&rsquo;architecture byzantine. On peut continuer en visitant le mus\u00e9e d&rsquo; El Greco et se reposer \u00e0 l&rsquo;ombre des caroubiers du caf\u00e9-bar du mus\u00e9e.<\/p>\n\t\t\t\t\t<\/div>\n\t\t\t\t\t\t<\/div>\n\t\t\t\t<\/div>\n\t\t\t\t\t\t<\/div>\n\t\t\t\t\t<\/div>\n\t\t<\/div>\n\t\t\t\t\t\t\t\t<\/div>\n\t\t\t\t\t<\/div>\n\t\t<\/section>\n\t\t\t\t<section class=\"elementor-section elementor-top-section elementor-element elementor-element-176cac7 elementor-section-boxed elementor-section-height-default elementor-section-height-default\" data-id=\"176cac7\" data-element_type=\"section\">\n\t\t\t\t\t\t<div class=\"elementor-container elementor-column-gap-default\">\n\t\t\t\t\t\t\t<div class=\"elementor-row\">\n\t\t\t\t\t<div class=\"elementor-column elementor-col-100 elementor-top-column elementor-element elementor-element-69b04be\" data-id=\"69b04be\" data-element_type=\"column\">\n\t\t\t<div class=\"elementor-column-wrap elementor-element-populated\">\n\t\t\t\t\t\t\t<div class=\"elementor-widget-wrap\">\n\t\t\t\t\t\t<div class=\"elementor-element elementor-element-4605de7 elementor-widget elementor-widget-shortcode\" data-id=\"4605de7\" data-element_type=\"widget\" data-widget_type=\"shortcode.default\">\n\t\t\t\t<div class=\"elementor-widget-container\">\n\t\t\t\t\t<div class=\"elementor-shortcode\"><div class=\"su-image-carousel  su-image-carousel-columns-3 su-image-carousel-has-spacing su-image-carousel-crop su-image-carousel-crop-4-3 su-image-carousel-has-lightbox su-image-carousel-has-outline su-image-carousel-adaptive su-image-carousel-slides-style-minimal su-image-carousel-controls-style-dark su-image-carousel-align-none\" style=\"\" data-flickity-options='{\"groupCells\":true,\"cellSelector\":\".su-image-carousel-item\",\"adaptiveHeight\":false,\"cellAlign\":\"left\",\"prevNextButtons\":true,\"pageDots\":true,\"autoPlay\":5000,\"imagesLoaded\":true,\"contain\":true,\"selectedAttraction\":0.025,\"friction\":0.28}' id=\"su_image_carousel_69e36a11af334\"><div class=\"su-image-carousel-item\"><div class=\"su-image-carousel-item-content\"><a href=\"https:\/\/psfodele.gr\/wp-content\/uploads\/2020\/07\/001-2.jpg\" target=\"_blank\" rel=\"noopener noreferrer\" data-caption=\"\"><img width=\"600\" height=\"450\" src=\"https:\/\/psfodele.gr\/wp-content\/uploads\/2020\/07\/001-2.jpg\" class=\"\" alt=\"\" loading=\"lazy\" srcset=\"https:\/\/psfodele.gr\/wp-content\/uploads\/2020\/07\/001-2.jpg 600w, https:\/\/psfodele.gr\/wp-content\/uploads\/2020\/07\/001-2-300x225.jpg 300w\" sizes=\"(max-width: 600px) 100vw, 600px\" \/><\/a><\/div><\/div><div class=\"su-image-carousel-item\"><div class=\"su-image-carousel-item-content\"><a href=\"https:\/\/psfodele.gr\/wp-content\/uploads\/2020\/07\/122-1.jpg\" target=\"_blank\" rel=\"noopener noreferrer\" data-caption=\"\"><img width=\"600\" height=\"450\" src=\"https:\/\/psfodele.gr\/wp-content\/uploads\/2020\/07\/122-1.jpg\" class=\"\" alt=\"\" loading=\"lazy\" srcset=\"https:\/\/psfodele.gr\/wp-content\/uploads\/2020\/07\/122-1.jpg 600w, https:\/\/psfodele.gr\/wp-content\/uploads\/2020\/07\/122-1-300x225.jpg 300w\" sizes=\"(max-width: 600px) 100vw, 600px\" \/><\/a><\/div><\/div><div class=\"su-image-carousel-item\"><div class=\"su-image-carousel-item-content\"><a href=\"https:\/\/psfodele.gr\/wp-content\/uploads\/2020\/07\/site087.jpg\" target=\"_blank\" rel=\"noopener noreferrer\" data-caption=\"\"><img width=\"600\" height=\"450\" src=\"https:\/\/psfodele.gr\/wp-content\/uploads\/2020\/07\/site087.jpg\" class=\"\" alt=\"\" loading=\"lazy\" srcset=\"https:\/\/psfodele.gr\/wp-content\/uploads\/2020\/07\/site087.jpg 600w, https:\/\/psfodele.gr\/wp-content\/uploads\/2020\/07\/site087-300x225.jpg 300w\" sizes=\"(max-width: 600px) 100vw, 600px\" \/><\/a><\/div><\/div><div class=\"su-image-carousel-item\"><div class=\"su-image-carousel-item-content\"><a href=\"https:\/\/psfodele.gr\/wp-content\/uploads\/2020\/07\/z115-03-2010066.jpg\" target=\"_blank\" rel=\"noopener noreferrer\" data-caption=\"\"><img width=\"600\" height=\"450\" src=\"https:\/\/psfodele.gr\/wp-content\/uploads\/2020\/07\/z115-03-2010066.jpg\" class=\"\" alt=\"\" loading=\"lazy\" srcset=\"https:\/\/psfodele.gr\/wp-content\/uploads\/2020\/07\/z115-03-2010066.jpg 600w, https:\/\/psfodele.gr\/wp-content\/uploads\/2020\/07\/z115-03-2010066-300x225.jpg 300w\" sizes=\"(max-width: 600px) 100vw, 600px\" \/><\/a><\/div><\/div><div class=\"su-image-carousel-item\"><div class=\"su-image-carousel-item-content\"><a href=\"https:\/\/psfodele.gr\/wp-content\/uploads\/2020\/07\/z2site026-1.jpg\" target=\"_blank\" rel=\"noopener noreferrer\" data-caption=\"\"><img width=\"600\" height=\"450\" src=\"https:\/\/psfodele.gr\/wp-content\/uploads\/2020\/07\/z2site026-1.jpg\" class=\"\" alt=\"\" loading=\"lazy\" srcset=\"https:\/\/psfodele.gr\/wp-content\/uploads\/2020\/07\/z2site026-1.jpg 600w, https:\/\/psfodele.gr\/wp-content\/uploads\/2020\/07\/z2site026-1-300x225.jpg 300w\" sizes=\"(max-width: 600px) 100vw, 600px\" \/><\/a><\/div><\/div><\/div><script id=\"su_image_carousel_69e36a11af334_script\">if(window.SUImageCarousel){setTimeout(function() {window.SUImageCarousel.initGallery(document.getElementById(\"su_image_carousel_69e36a11af334\"))}, 0);}var su_image_carousel_69e36a11af334_script=document.getElementById(\"su_image_carousel_69e36a11af334_script\");if(su_image_carousel_69e36a11af334_script){su_image_carousel_69e36a11af334_script.parentNode.removeChild(su_image_carousel_69e36a11af334_script);}<\/script><\/div>\n\t\t\t\t<\/div>\n\t\t\t\t<\/div>\n\t\t\t\t\t\t<\/div>\n\t\t\t\t\t<\/div>\n\t\t<\/div>\n\t\t\t\t\t\t\t\t<\/div>\n\t\t\t\t\t<\/div>\n\t\t<\/section>\n\t\t\t\t<section class=\"elementor-section elementor-top-section elementor-element elementor-element-1941d7e elementor-section-boxed elementor-section-height-default elementor-section-height-default\" data-id=\"1941d7e\" data-element_type=\"section\">\n\t\t\t\t\t\t<div class=\"elementor-container elementor-column-gap-default\">\n\t\t\t\t\t\t\t<div class=\"elementor-row\">\n\t\t\t\t\t<div class=\"elementor-column elementor-col-100 elementor-top-column elementor-element elementor-element-90c5625\" data-id=\"90c5625\" data-element_type=\"column\">\n\t\t\t<div class=\"elementor-column-wrap elementor-element-populated\">\n\t\t\t\t\t\t\t<div class=\"elementor-widget-wrap\">\n\t\t\t\t\t\t<div class=\"elementor-element elementor-element-034762a elementor-widget elementor-widget-spacer\" data-id=\"034762a\" data-element_type=\"widget\" data-widget_type=\"spacer.default\">\n\t\t\t\t<div class=\"elementor-widget-container\">\n\t\t\t\t\t<div class=\"elementor-spacer\">\n\t\t\t<div class=\"elementor-spacer-inner\"><\/div>\n\t\t<\/div>\n\t\t\t\t<\/div>\n\t\t\t\t<\/div>\n\t\t\t\t<div class=\"elementor-element elementor-element-92a2ce3 elementor-widget elementor-widget-heading\" data-id=\"92a2ce3\" data-element_type=\"widget\" data-widget_type=\"heading.default\">\n\t\t\t\t<div class=\"elementor-widget-container\">\n\t\t\t<h2 class=\"elementor-heading-title elementor-size-default\"> Plus d'itin\u00e9raires<\/h2>\t\t<\/div>\n\t\t\t\t<\/div>\n\t\t\t\t<div class=\"elementor-element elementor-element-dadf242 elementor-grid-2 elementor-posts--thumbnail-left elementor-grid-tablet-2 elementor-grid-mobile-1 elementor-widget elementor-widget-posts\" data-id=\"dadf242\" data-element_type=\"widget\" data-settings=\"{&quot;classic_columns&quot;:&quot;2&quot;,&quot;classic_columns_tablet&quot;:&quot;2&quot;,&quot;classic_columns_mobile&quot;:&quot;1&quot;,&quot;classic_row_gap&quot;:{&quot;unit&quot;:&quot;px&quot;,&quot;size&quot;:35,&quot;sizes&quot;:[]},&quot;classic_row_gap_tablet&quot;:{&quot;unit&quot;:&quot;px&quot;,&quot;size&quot;:&quot;&quot;,&quot;sizes&quot;:[]},&quot;classic_row_gap_mobile&quot;:{&quot;unit&quot;:&quot;px&quot;,&quot;size&quot;:&quot;&quot;,&quot;sizes&quot;:[]}}\" data-widget_type=\"posts.classic\">\n\t\t\t\t<div class=\"elementor-widget-container\">\n\t\t\t\t\t<div class=\"elementor-posts-container elementor-posts elementor-posts--skin-classic elementor-grid\">\n\t\t\t\t<article class=\"elementor-post elementor-grid-item post-6492 page type-page status-publish has-post-thumbnail hentry entry has-media\">\n\t\t\t\t<a class=\"elementor-post__thumbnail__link\" href=\"https:\/\/psfodele.gr\/fr\/fodele\/sentiers\/%ce%bf-%cf%80%ce%bb%ce%ac%cf%84%ce%b1%ce%bd%ce%bf%cf%82\/\" >\n\t\t\t<div class=\"elementor-post__thumbnail\"><img width=\"300\" height=\"225\" src=\"https:\/\/psfodele.gr\/wp-content\/uploads\/2020\/07\/01-site001-300x225.jpg\" class=\"attachment-medium size-medium\" alt=\"\" loading=\"lazy\" \/><\/div>\n\t\t<\/a>\n\t\t\t\t<div class=\"elementor-post__text\">\n\t\t\t\t<h3 class=\"elementor-post__title\">\n\t\t\t<a href=\"https:\/\/psfodele.gr\/fr\/fodele\/sentiers\/%ce%bf-%cf%80%ce%bb%ce%ac%cf%84%ce%b1%ce%bd%ce%bf%cf%82\/\" >\n\t\t\t\tLe fameux platane\t\t\t<\/a>\n\t\t<\/h3>\n\t\t\t\t\t<a class=\"elementor-post__read-more\" href=\"https:\/\/psfodele.gr\/fr\/fodele\/sentiers\/%ce%bf-%cf%80%ce%bb%ce%ac%cf%84%ce%b1%ce%bd%ce%bf%cf%82\/\" >\n\t\t\t\t Plus\t\t\t<\/a>\n\t\t\t\t<\/div>\n\t\t\t\t<\/article>\n\t\t\t\t<article class=\"elementor-post elementor-grid-item post-6364 page type-page status-publish has-post-thumbnail hentry entry has-media\">\n\t\t\t\t<a class=\"elementor-post__thumbnail__link\" href=\"https:\/\/psfodele.gr\/fr\/fodele\/sentiers\/deuxieme-pont\/\" >\n\t\t\t<div class=\"elementor-post__thumbnail\"><img width=\"300\" height=\"225\" src=\"https:\/\/psfodele.gr\/wp-content\/uploads\/2020\/07\/01-321-deytero-gefyraki-300x225.jpg\" class=\"attachment-medium size-medium\" alt=\"\" loading=\"lazy\" \/><\/div>\n\t\t<\/a>\n\t\t\t\t<div class=\"elementor-post__text\">\n\t\t\t\t<h3 class=\"elementor-post__title\">\n\t\t\t<a href=\"https:\/\/psfodele.gr\/fr\/fodele\/sentiers\/deuxieme-pont\/\" >\n\t\t\t\tDeuxi\u00e8me pont\t\t\t<\/a>\n\t\t<\/h3>\n\t\t\t\t\t<a class=\"elementor-post__read-more\" href=\"https:\/\/psfodele.gr\/fr\/fodele\/sentiers\/deuxieme-pont\/\" >\n\t\t\t\t Plus\t\t\t<\/a>\n\t\t\t\t<\/div>\n\t\t\t\t<\/article>\n\t\t\t\t<article class=\"elementor-post elementor-grid-item post-6406 page type-page status-publish has-post-thumbnail hentry entry has-media\">\n\t\t\t\t<a class=\"elementor-post__thumbnail__link\" href=\"https:\/\/psfodele.gr\/fr\/fodele\/sentiers\/la-sortie-du-village\/\" >\n\t\t\t<div class=\"elementor-post__thumbnail\"><img width=\"300\" height=\"225\" src=\"https:\/\/psfodele.gr\/wp-content\/uploads\/2020\/07\/01-site099-300x225.jpg\" class=\"attachment-medium size-medium\" alt=\"\" loading=\"lazy\" \/><\/div>\n\t\t<\/a>\n\t\t\t\t<div class=\"elementor-post__text\">\n\t\t\t\t<h3 class=\"elementor-post__title\">\n\t\t\t<a href=\"https:\/\/psfodele.gr\/fr\/fodele\/sentiers\/la-sortie-du-village\/\" >\n\t\t\t\tLa sortie du village\t\t\t<\/a>\n\t\t<\/h3>\n\t\t\t\t\t<a class=\"elementor-post__read-more\" href=\"https:\/\/psfodele.gr\/fr\/fodele\/sentiers\/la-sortie-du-village\/\" >\n\t\t\t\t Plus\t\t\t<\/a>\n\t\t\t\t<\/div>\n\t\t\t\t<\/article>\n\t\t\t\t<article class=\"elementor-post elementor-grid-item post-6431 page type-page status-publish has-post-thumbnail hentry entry has-media\">\n\t\t\t\t<a class=\"elementor-post__thumbnail__link\" href=\"https:\/\/psfodele.gr\/fr\/fodele\/sentiers\/kouledes\/\" >\n\t\t\t<div class=\"elementor-post__thumbnail\"><img width=\"300\" height=\"225\" src=\"https:\/\/psfodele.gr\/wp-content\/uploads\/2020\/07\/003-300x225.jpg\" class=\"attachment-medium size-medium\" alt=\"\" loading=\"lazy\" \/><\/div>\n\t\t<\/a>\n\t\t\t\t<div class=\"elementor-post__text\">\n\t\t\t\t<h3 class=\"elementor-post__title\">\n\t\t\t<a href=\"https:\/\/psfodele.gr\/fr\/fodele\/sentiers\/kouledes\/\" >\n\t\t\t\tKouledes\t\t\t<\/a>\n\t\t<\/h3>\n\t\t\t\t\t<a class=\"elementor-post__read-more\" href=\"https:\/\/psfodele.gr\/fr\/fodele\/sentiers\/kouledes\/\" >\n\t\t\t\t Plus\t\t\t<\/a>\n\t\t\t\t<\/div>\n\t\t\t\t<\/article>\n\t\t\t\t<\/div>\n\n\n\t\t\n\t\t\t\t<\/div>\n\t\t\t\t<\/div>\n\t\t\t\t\t\t<\/div>\n\t\t\t\t\t<\/div>\n\t\t<\/div>\n\t\t\t\t\t\t\t\t<\/div>\n\t\t\t\t\t<\/div>\n\t\t<\/section>\n\t\t\t\t\t\t\t\t\t<\/div>\n\t\t\t<\/div>\n\t\t\t\t\t<\/div>\n\t\t","protected":false},"excerpt":{"rendered":"<p>En partant de<\/p>\n","protected":false},"author":5,"featured_media":1558,"parent":6584,"menu_order":0,"comment_status":"closed","ping_status":"closed","template":"","meta":[],"_links":{"self":[{"href":"https:\/\/psfodele.gr\/fr\/wp-json\/wp\/v2\/pages\/6268"}],"collection":[{"href":"https:\/\/psfodele.gr\/fr\/wp-json\/wp\/v2\/pages"}],"about":[{"href":"https:\/\/psfodele.gr\/fr\/wp-json\/wp\/v2\/types\/page"}],"author":[{"embeddable":true,"href":"https:\/\/psfodele.gr\/fr\/wp-json\/wp\/v2\/users\/5"}],"replies":[{"embeddable":true,"href":"https:\/\/psfodele.gr\/fr\/wp-json\/wp\/v2\/comments?post=6268"}],"version-history":[{"count":4,"href":"https:\/\/psfodele.gr\/fr\/wp-json\/wp\/v2\/pages\/6268\/revisions"}],"predecessor-version":[{"id":7508,"href":"https:\/\/psfodele.gr\/fr\/wp-json\/wp\/v2\/pages\/6268\/revisions\/7508"}],"up":[{"embeddable":true,"href":"https:\/\/psfodele.gr\/fr\/wp-json\/wp\/v2\/pages\/6584"}],"wp:featuredmedia":[{"embeddable":true,"href":"https:\/\/psfodele.gr\/fr\/wp-json\/wp\/v2\/media\/1558"}],"wp:attachment":[{"href":"https:\/\/psfodele.gr\/fr\/wp-json\/wp\/v2\/media?parent=6268"}],"curies":[{"name":"wp","href":"https:\/\/api.w.org\/{rel}","templated":true}]}}