{"id":6364,"date":"2020-09-14T10:42:38","date_gmt":"2020-09-14T07:42:38","guid":{"rendered":"https:\/\/fodele.intermedia.software\/%ce%b4%ce%b5%cf%8d%cf%84%ce%b5%cf%81%ce%bf-%ce%b3%ce%b9%ce%bf%cf%86%cf%85%cf%81%ce%ac%ce%ba%ce%b9\/"},"modified":"2020-09-17T16:20:15","modified_gmt":"2020-09-17T13:20:15","slug":"deuxieme-pont","status":"publish","type":"page","link":"https:\/\/psfodele.gr\/fr\/fodele\/sentiers\/deuxieme-pont\/","title":{"rendered":"Deuxi\u00e8me pont"},"content":{"rendered":"\t\t<div data-elementor-type=\"wp-page\" data-elementor-id=\"6364\" class=\"elementor elementor-6364 elementor-5909\">\n\t\t\t\t\t\t<div class=\"elementor-inner\">\n\t\t\t\t<div class=\"elementor-section-wrap\">\n\t\t\t\t\t\t\t\t\t<section class=\"elementor-section elementor-top-section elementor-element elementor-element-aae300e elementor-section-height-min-height elementor-section-boxed elementor-section-height-default elementor-section-items-middle\" data-id=\"aae300e\" data-element_type=\"section\" data-settings=\"{&quot;background_background&quot;:&quot;classic&quot;}\">\n\t\t\t\t\t\t<div class=\"elementor-container elementor-column-gap-default\">\n\t\t\t\t\t\t\t<div class=\"elementor-row\">\n\t\t\t\t\t<div class=\"elementor-column elementor-col-100 elementor-top-column elementor-element elementor-element-f300ae9\" data-id=\"f300ae9\" data-element_type=\"column\">\n\t\t\t<div class=\"elementor-column-wrap\">\n\t\t\t\t\t\t\t<div class=\"elementor-widget-wrap\">\n\t\t\t\t\t\t\t\t<\/div>\n\t\t\t\t\t<\/div>\n\t\t<\/div>\n\t\t\t\t\t\t\t\t<\/div>\n\t\t\t\t\t<\/div>\n\t\t<\/section>\n\t\t\t\t<section class=\"elementor-section elementor-top-section elementor-element elementor-element-899c308 elementor-section-boxed elementor-section-height-default elementor-section-height-default\" data-id=\"899c308\" data-element_type=\"section\">\n\t\t\t\t\t\t<div class=\"elementor-container elementor-column-gap-default\">\n\t\t\t\t\t\t\t<div class=\"elementor-row\">\n\t\t\t\t\t<div class=\"elementor-column elementor-col-100 elementor-top-column elementor-element elementor-element-0038dbe\" data-id=\"0038dbe\" data-element_type=\"column\">\n\t\t\t<div class=\"elementor-column-wrap elementor-element-populated\">\n\t\t\t\t\t\t\t<div class=\"elementor-widget-wrap\">\n\t\t\t\t\t\t<div class=\"elementor-element elementor-element-51472bb elementor-widget elementor-widget-text-editor\" data-id=\"51472bb\" data-element_type=\"widget\" data-widget_type=\"text-editor.default\">\n\t\t\t\t<div class=\"elementor-widget-container\">\n\t\t\t\t\t\t\t\t<div class=\"elementor-text-editor elementor-clearfix\">\n\t\t\t\t<p style=\"text-align: justify;\">\u00a0\u00c0 partir du deuxi\u00e8me pont et sur la droite on peut en traversant des ruelles \u00e9troites et typiques arriver \u00e0 l&rsquo;\u00e9glise centrale du village d\u00e9di\u00e9e \u00e0 l&rsquo;Archange Michael et \u00e0 la plus ancienne chapelle (du XIXe si\u00e8cle) voisine vou\u00e9e au saint protecteur du village, le Saint George.<\/p>\n\t\t\t\t\t<\/div>\n\t\t\t\t\t\t<\/div>\n\t\t\t\t<\/div>\n\t\t\t\t\t\t<\/div>\n\t\t\t\t\t<\/div>\n\t\t<\/div>\n\t\t\t\t\t\t\t\t<\/div>\n\t\t\t\t\t<\/div>\n\t\t<\/section>\n\t\t\t\t<section class=\"elementor-section elementor-top-section elementor-element elementor-element-c8b9c14 elementor-section-boxed elementor-section-height-default elementor-section-height-default\" data-id=\"c8b9c14\" data-element_type=\"section\">\n\t\t\t\t\t\t<div class=\"elementor-container elementor-column-gap-default\">\n\t\t\t\t\t\t\t<div class=\"elementor-row\">\n\t\t\t\t\t<div class=\"elementor-column elementor-col-100 elementor-top-column elementor-element elementor-element-f31002a\" data-id=\"f31002a\" data-element_type=\"column\">\n\t\t\t<div class=\"elementor-column-wrap elementor-element-populated\">\n\t\t\t\t\t\t\t<div class=\"elementor-widget-wrap\">\n\t\t\t\t\t\t<div class=\"elementor-element elementor-element-f557f19 elementor-widget elementor-widget-shortcode\" data-id=\"f557f19\" data-element_type=\"widget\" data-widget_type=\"shortcode.default\">\n\t\t\t\t<div class=\"elementor-widget-container\">\n\t\t\t\t\t<div class=\"elementor-shortcode\"><div class=\"su-image-carousel  su-image-carousel-columns-3 su-image-carousel-has-spacing su-image-carousel-crop su-image-carousel-crop-4-3 su-image-carousel-has-lightbox su-image-carousel-has-outline su-image-carousel-adaptive su-image-carousel-slides-style-minimal su-image-carousel-controls-style-dark su-image-carousel-align-none\" style=\"\" data-flickity-options='{\"groupCells\":true,\"cellSelector\":\".su-image-carousel-item\",\"adaptiveHeight\":false,\"cellAlign\":\"left\",\"prevNextButtons\":true,\"pageDots\":true,\"autoPlay\":5000,\"imagesLoaded\":true,\"contain\":true,\"selectedAttraction\":0.025,\"friction\":0.28}' id=\"su_image_carousel_69e36a068672a\"><div class=\"su-image-carousel-item\"><div class=\"su-image-carousel-item-content\"><a href=\"https:\/\/psfodele.gr\/wp-content\/uploads\/2020\/07\/03-site139.jpg\" target=\"_blank\" rel=\"noopener noreferrer\" data-caption=\"\"><img width=\"600\" height=\"450\" src=\"https:\/\/psfodele.gr\/wp-content\/uploads\/2020\/07\/03-site139.jpg\" class=\"\" alt=\"\" loading=\"lazy\" srcset=\"https:\/\/psfodele.gr\/wp-content\/uploads\/2020\/07\/03-site139.jpg 600w, https:\/\/psfodele.gr\/wp-content\/uploads\/2020\/07\/03-site139-300x225.jpg 300w\" sizes=\"(max-width: 600px) 100vw, 600px\" \/><\/a><\/div><\/div><div class=\"su-image-carousel-item\"><div class=\"su-image-carousel-item-content\"><a href=\"https:\/\/psfodele.gr\/wp-content\/uploads\/2020\/07\/2604-2010-300.jpg\" target=\"_blank\" rel=\"noopener noreferrer\" data-caption=\"\"><img width=\"450\" height=\"600\" src=\"https:\/\/psfodele.gr\/wp-content\/uploads\/2020\/07\/2604-2010-300.jpg\" class=\"\" alt=\"\" loading=\"lazy\" srcset=\"https:\/\/psfodele.gr\/wp-content\/uploads\/2020\/07\/2604-2010-300.jpg 450w, https:\/\/psfodele.gr\/wp-content\/uploads\/2020\/07\/2604-2010-300-225x300.jpg 225w\" sizes=\"(max-width: 450px) 100vw, 450px\" \/><\/a><\/div><\/div><div class=\"su-image-carousel-item\"><div class=\"su-image-carousel-item-content\"><a href=\"https:\/\/psfodele.gr\/wp-content\/uploads\/2020\/07\/site133-1.jpg\" target=\"_blank\" rel=\"noopener noreferrer\" data-caption=\"\"><img width=\"600\" height=\"450\" src=\"https:\/\/psfodele.gr\/wp-content\/uploads\/2020\/07\/site133-1.jpg\" class=\"\" alt=\"\" loading=\"lazy\" srcset=\"https:\/\/psfodele.gr\/wp-content\/uploads\/2020\/07\/site133-1.jpg 600w, https:\/\/psfodele.gr\/wp-content\/uploads\/2020\/07\/site133-1-300x225.jpg 300w\" sizes=\"(max-width: 600px) 100vw, 600px\" \/><\/a><\/div><\/div><div class=\"su-image-carousel-item\"><div class=\"su-image-carousel-item-content\"><a href=\"https:\/\/psfodele.gr\/wp-content\/uploads\/2020\/07\/site134.jpg\" target=\"_blank\" rel=\"noopener noreferrer\" data-caption=\"\"><img width=\"600\" height=\"450\" src=\"https:\/\/psfodele.gr\/wp-content\/uploads\/2020\/07\/site134.jpg\" class=\"\" alt=\"\" loading=\"lazy\" srcset=\"https:\/\/psfodele.gr\/wp-content\/uploads\/2020\/07\/site134.jpg 600w, https:\/\/psfodele.gr\/wp-content\/uploads\/2020\/07\/site134-300x225.jpg 300w\" sizes=\"(max-width: 600px) 100vw, 600px\" \/><\/a><\/div><\/div><div class=\"su-image-carousel-item\"><div class=\"su-image-carousel-item-content\"><a href=\"https:\/\/psfodele.gr\/wp-content\/uploads\/2020\/07\/site138-1.jpg\" target=\"_blank\" rel=\"noopener noreferrer\" data-caption=\"\"><img width=\"600\" height=\"450\" src=\"https:\/\/psfodele.gr\/wp-content\/uploads\/2020\/07\/site138-1.jpg\" class=\"\" alt=\"\" loading=\"lazy\" srcset=\"https:\/\/psfodele.gr\/wp-content\/uploads\/2020\/07\/site138-1.jpg 600w, https:\/\/psfodele.gr\/wp-content\/uploads\/2020\/07\/site138-1-300x225.jpg 300w\" sizes=\"(max-width: 600px) 100vw, 600px\" \/><\/a><\/div><\/div><\/div><script id=\"su_image_carousel_69e36a068672a_script\">if(window.SUImageCarousel){setTimeout(function() {window.SUImageCarousel.initGallery(document.getElementById(\"su_image_carousel_69e36a068672a\"))}, 0);}var su_image_carousel_69e36a068672a_script=document.getElementById(\"su_image_carousel_69e36a068672a_script\");if(su_image_carousel_69e36a068672a_script){su_image_carousel_69e36a068672a_script.parentNode.removeChild(su_image_carousel_69e36a068672a_script);}<\/script><\/div>\n\t\t\t\t<\/div>\n\t\t\t\t<\/div>\n\t\t\t\t\t\t<\/div>\n\t\t\t\t\t<\/div>\n\t\t<\/div>\n\t\t\t\t\t\t\t\t<\/div>\n\t\t\t\t\t<\/div>\n\t\t<\/section>\n\t\t\t\t<section class=\"elementor-section elementor-top-section elementor-element elementor-element-d8954b1 elementor-section-boxed elementor-section-height-default elementor-section-height-default\" data-id=\"d8954b1\" data-element_type=\"section\">\n\t\t\t\t\t\t<div class=\"elementor-container elementor-column-gap-default\">\n\t\t\t\t\t\t\t<div class=\"elementor-row\">\n\t\t\t\t\t<div class=\"elementor-column elementor-col-100 elementor-top-column elementor-element elementor-element-168131a\" data-id=\"168131a\" data-element_type=\"column\">\n\t\t\t<div class=\"elementor-column-wrap elementor-element-populated\">\n\t\t\t\t\t\t\t<div class=\"elementor-widget-wrap\">\n\t\t\t\t\t\t<div class=\"elementor-element elementor-element-4734900 elementor-widget elementor-widget-spacer\" data-id=\"4734900\" data-element_type=\"widget\" data-widget_type=\"spacer.default\">\n\t\t\t\t<div class=\"elementor-widget-container\">\n\t\t\t\t\t<div class=\"elementor-spacer\">\n\t\t\t<div class=\"elementor-spacer-inner\"><\/div>\n\t\t<\/div>\n\t\t\t\t<\/div>\n\t\t\t\t<\/div>\n\t\t\t\t<div class=\"elementor-element elementor-element-26a6be5 elementor-widget elementor-widget-heading\" data-id=\"26a6be5\" data-element_type=\"widget\" data-widget_type=\"heading.default\">\n\t\t\t\t<div class=\"elementor-widget-container\">\n\t\t\t<h2 class=\"elementor-heading-title elementor-size-default\"> Plus d'itin\u00e9raires  <\/h2>\t\t<\/div>\n\t\t\t\t<\/div>\n\t\t\t\t<div class=\"elementor-element elementor-element-f245b6f elementor-grid-2 elementor-posts--thumbnail-left elementor-grid-tablet-2 elementor-grid-mobile-1 elementor-widget elementor-widget-posts\" data-id=\"f245b6f\" data-element_type=\"widget\" data-settings=\"{&quot;classic_columns&quot;:&quot;2&quot;,&quot;classic_columns_tablet&quot;:&quot;2&quot;,&quot;classic_columns_mobile&quot;:&quot;1&quot;,&quot;classic_row_gap&quot;:{&quot;unit&quot;:&quot;px&quot;,&quot;size&quot;:35,&quot;sizes&quot;:[]},&quot;classic_row_gap_tablet&quot;:{&quot;unit&quot;:&quot;px&quot;,&quot;size&quot;:&quot;&quot;,&quot;sizes&quot;:[]},&quot;classic_row_gap_mobile&quot;:{&quot;unit&quot;:&quot;px&quot;,&quot;size&quot;:&quot;&quot;,&quot;sizes&quot;:[]}}\" data-widget_type=\"posts.classic\">\n\t\t\t\t<div class=\"elementor-widget-container\">\n\t\t\t\t\t<div class=\"elementor-posts-container elementor-posts elementor-posts--skin-classic elementor-grid\">\n\t\t\t\t<article class=\"elementor-post elementor-grid-item post-6268 page type-page status-publish has-post-thumbnail hentry entry has-media\">\n\t\t\t\t<a class=\"elementor-post__thumbnail__link\" href=\"https:\/\/psfodele.gr\/fr\/fodele\/sentiers\/de-lentree-du-village\/\" >\n\t\t\t<div class=\"elementor-post__thumbnail\"><img width=\"300\" height=\"225\" src=\"https:\/\/psfodele.gr\/wp-content\/uploads\/2020\/07\/pasxa2006020-1-300x225.jpg\" class=\"attachment-medium size-medium\" alt=\"\" loading=\"lazy\" \/><\/div>\n\t\t<\/a>\n\t\t\t\t<div class=\"elementor-post__text\">\n\t\t\t\t<h3 class=\"elementor-post__title\">\n\t\t\t<a href=\"https:\/\/psfodele.gr\/fr\/fodele\/sentiers\/de-lentree-du-village\/\" >\n\t\t\t\tDe l&rsquo;entr\u00e9e du village\t\t\t<\/a>\n\t\t<\/h3>\n\t\t\t\t\t<a class=\"elementor-post__read-more\" href=\"https:\/\/psfodele.gr\/fr\/fodele\/sentiers\/de-lentree-du-village\/\" >\n\t\t\t\tPlus\t\t\t<\/a>\n\t\t\t\t<\/div>\n\t\t\t\t<\/article>\n\t\t\t\t<article class=\"elementor-post elementor-grid-item post-6492 page type-page status-publish has-post-thumbnail hentry entry has-media\">\n\t\t\t\t<a class=\"elementor-post__thumbnail__link\" href=\"https:\/\/psfodele.gr\/fr\/fodele\/sentiers\/%ce%bf-%cf%80%ce%bb%ce%ac%cf%84%ce%b1%ce%bd%ce%bf%cf%82\/\" >\n\t\t\t<div class=\"elementor-post__thumbnail\"><img width=\"300\" height=\"225\" src=\"https:\/\/psfodele.gr\/wp-content\/uploads\/2020\/07\/01-site001-300x225.jpg\" class=\"attachment-medium size-medium\" alt=\"\" loading=\"lazy\" \/><\/div>\n\t\t<\/a>\n\t\t\t\t<div class=\"elementor-post__text\">\n\t\t\t\t<h3 class=\"elementor-post__title\">\n\t\t\t<a href=\"https:\/\/psfodele.gr\/fr\/fodele\/sentiers\/%ce%bf-%cf%80%ce%bb%ce%ac%cf%84%ce%b1%ce%bd%ce%bf%cf%82\/\" >\n\t\t\t\tLe fameux platane\t\t\t<\/a>\n\t\t<\/h3>\n\t\t\t\t\t<a class=\"elementor-post__read-more\" href=\"https:\/\/psfodele.gr\/fr\/fodele\/sentiers\/%ce%bf-%cf%80%ce%bb%ce%ac%cf%84%ce%b1%ce%bd%ce%bf%cf%82\/\" >\n\t\t\t\tPlus\t\t\t<\/a>\n\t\t\t\t<\/div>\n\t\t\t\t<\/article>\n\t\t\t\t<article class=\"elementor-post elementor-grid-item post-6406 page type-page status-publish has-post-thumbnail hentry entry has-media\">\n\t\t\t\t<a class=\"elementor-post__thumbnail__link\" href=\"https:\/\/psfodele.gr\/fr\/fodele\/sentiers\/la-sortie-du-village\/\" >\n\t\t\t<div class=\"elementor-post__thumbnail\"><img width=\"300\" height=\"225\" src=\"https:\/\/psfodele.gr\/wp-content\/uploads\/2020\/07\/01-site099-300x225.jpg\" class=\"attachment-medium size-medium\" alt=\"\" loading=\"lazy\" \/><\/div>\n\t\t<\/a>\n\t\t\t\t<div class=\"elementor-post__text\">\n\t\t\t\t<h3 class=\"elementor-post__title\">\n\t\t\t<a href=\"https:\/\/psfodele.gr\/fr\/fodele\/sentiers\/la-sortie-du-village\/\" >\n\t\t\t\tLa sortie du village\t\t\t<\/a>\n\t\t<\/h3>\n\t\t\t\t\t<a class=\"elementor-post__read-more\" href=\"https:\/\/psfodele.gr\/fr\/fodele\/sentiers\/la-sortie-du-village\/\" >\n\t\t\t\tPlus\t\t\t<\/a>\n\t\t\t\t<\/div>\n\t\t\t\t<\/article>\n\t\t\t\t<article class=\"elementor-post elementor-grid-item post-6431 page type-page status-publish has-post-thumbnail hentry entry has-media\">\n\t\t\t\t<a class=\"elementor-post__thumbnail__link\" href=\"https:\/\/psfodele.gr\/fr\/fodele\/sentiers\/kouledes\/\" >\n\t\t\t<div class=\"elementor-post__thumbnail\"><img width=\"300\" height=\"225\" src=\"https:\/\/psfodele.gr\/wp-content\/uploads\/2020\/07\/003-300x225.jpg\" class=\"attachment-medium size-medium\" alt=\"\" loading=\"lazy\" \/><\/div>\n\t\t<\/a>\n\t\t\t\t<div class=\"elementor-post__text\">\n\t\t\t\t<h3 class=\"elementor-post__title\">\n\t\t\t<a href=\"https:\/\/psfodele.gr\/fr\/fodele\/sentiers\/kouledes\/\" >\n\t\t\t\tKouledes\t\t\t<\/a>\n\t\t<\/h3>\n\t\t\t\t\t<a class=\"elementor-post__read-more\" href=\"https:\/\/psfodele.gr\/fr\/fodele\/sentiers\/kouledes\/\" >\n\t\t\t\tPlus\t\t\t<\/a>\n\t\t\t\t<\/div>\n\t\t\t\t<\/article>\n\t\t\t\t<\/div>\n\n\n\t\t\n\t\t\t\t<\/div>\n\t\t\t\t<\/div>\n\t\t\t\t\t\t<\/div>\n\t\t\t\t\t<\/div>\n\t\t<\/div>\n\t\t\t\t\t\t\t\t<\/div>\n\t\t\t\t\t<\/div>\n\t\t<\/section>\n\t\t\t\t\t\t\t\t\t<\/div>\n\t\t\t<\/div>\n\t\t\t\t\t<\/div>\n\t\t","protected":false},"excerpt":{"rendered":"<p>\u00a0\u00c0 partir du deuxi\u00e8me pont et sur la droite on peut en traversant des ruelles \u00e9troites et typiques arriver \u00e0 l&rsquo;\u00e9glise centrale du village d\u00e9di\u00e9e<\/p>\n","protected":false},"author":5,"featured_media":1623,"parent":6584,"menu_order":0,"comment_status":"closed","ping_status":"closed","template":"","meta":[],"_links":{"self":[{"href":"https:\/\/psfodele.gr\/fr\/wp-json\/wp\/v2\/pages\/6364"}],"collection":[{"href":"https:\/\/psfodele.gr\/fr\/wp-json\/wp\/v2\/pages"}],"about":[{"href":"https:\/\/psfodele.gr\/fr\/wp-json\/wp\/v2\/types\/page"}],"author":[{"embeddable":true,"href":"https:\/\/psfodele.gr\/fr\/wp-json\/wp\/v2\/users\/5"}],"replies":[{"embeddable":true,"href":"https:\/\/psfodele.gr\/fr\/wp-json\/wp\/v2\/comments?post=6364"}],"version-history":[{"count":5,"href":"https:\/\/psfodele.gr\/fr\/wp-json\/wp\/v2\/pages\/6364\/revisions"}],"predecessor-version":[{"id":7512,"href":"https:\/\/psfodele.gr\/fr\/wp-json\/wp\/v2\/pages\/6364\/revisions\/7512"}],"up":[{"embeddable":true,"href":"https:\/\/psfodele.gr\/fr\/wp-json\/wp\/v2\/pages\/6584"}],"wp:featuredmedia":[{"embeddable":true,"href":"https:\/\/psfodele.gr\/fr\/wp-json\/wp\/v2\/media\/1623"}],"wp:attachment":[{"href":"https:\/\/psfodele.gr\/fr\/wp-json\/wp\/v2\/media?parent=6364"}],"curies":[{"name":"wp","href":"https:\/\/api.w.org\/{rel}","templated":true}]}}