{"id":6431,"date":"2020-09-14T10:44:54","date_gmt":"2020-09-14T07:44:54","guid":{"rendered":"https:\/\/fodele.intermedia.software\/%ce%ba%ce%bf%cf%85%ce%bb%ce%ad%ce%b4%ce%b5%cf%82\/"},"modified":"2020-09-17T17:09:24","modified_gmt":"2020-09-17T14:09:24","slug":"kouledes","status":"publish","type":"page","link":"https:\/\/psfodele.gr\/fr\/fodele\/sentiers\/kouledes\/","title":{"rendered":"Kouledes"},"content":{"rendered":"\t\t<div data-elementor-type=\"wp-page\" data-elementor-id=\"6431\" class=\"elementor elementor-6431 elementor-5924\">\n\t\t\t\t\t\t<div class=\"elementor-inner\">\n\t\t\t\t<div class=\"elementor-section-wrap\">\n\t\t\t\t\t\t\t\t\t<section class=\"elementor-section elementor-top-section elementor-element elementor-element-e773bf3 elementor-section-height-min-height elementor-section-boxed elementor-section-height-default elementor-section-items-middle\" data-id=\"e773bf3\" data-element_type=\"section\" data-settings=\"{&quot;background_background&quot;:&quot;classic&quot;}\">\n\t\t\t\t\t\t<div class=\"elementor-container elementor-column-gap-default\">\n\t\t\t\t\t\t\t<div class=\"elementor-row\">\n\t\t\t\t\t<div class=\"elementor-column elementor-col-100 elementor-top-column elementor-element elementor-element-8f76565\" data-id=\"8f76565\" data-element_type=\"column\">\n\t\t\t<div class=\"elementor-column-wrap\">\n\t\t\t\t\t\t\t<div class=\"elementor-widget-wrap\">\n\t\t\t\t\t\t\t\t<\/div>\n\t\t\t\t\t<\/div>\n\t\t<\/div>\n\t\t\t\t\t\t\t\t<\/div>\n\t\t\t\t\t<\/div>\n\t\t<\/section>\n\t\t\t\t<section class=\"elementor-section elementor-top-section elementor-element elementor-element-b77a992 elementor-section-boxed elementor-section-height-default elementor-section-height-default\" data-id=\"b77a992\" data-element_type=\"section\">\n\t\t\t\t\t\t<div class=\"elementor-container elementor-column-gap-default\">\n\t\t\t\t\t\t\t<div class=\"elementor-row\">\n\t\t\t\t\t<div class=\"elementor-column elementor-col-100 elementor-top-column elementor-element elementor-element-a76bf62\" data-id=\"a76bf62\" data-element_type=\"column\">\n\t\t\t<div class=\"elementor-column-wrap elementor-element-populated\">\n\t\t\t\t\t\t\t<div class=\"elementor-widget-wrap\">\n\t\t\t\t\t\t<div class=\"elementor-element elementor-element-5797268 elementor-widget elementor-widget-text-editor\" data-id=\"5797268\" data-element_type=\"widget\" data-widget_type=\"text-editor.default\">\n\t\t\t\t<div class=\"elementor-widget-container\">\n\t\t\t\t\t\t\t\t<div class=\"elementor-text-editor elementor-clearfix\">\n\t\t\t\t<p style=\"text-align: justify;\">Pour les plus courageux est propos\u00e9 la mont\u00e9e jusqu&rsquo; aux sommets des collines ou se trouvent les tours v\u00e9nitiennes (Kouledes) et l&rsquo;exploration des cascades d&rsquo;eau de la r\u00e9gion (mois pluvieux, guide local)&#8230;<\/p>\n\t\t\t\t\t<\/div>\n\t\t\t\t\t\t<\/div>\n\t\t\t\t<\/div>\n\t\t\t\t\t\t<\/div>\n\t\t\t\t\t<\/div>\n\t\t<\/div>\n\t\t\t\t\t\t\t\t<\/div>\n\t\t\t\t\t<\/div>\n\t\t<\/section>\n\t\t\t\t<section class=\"elementor-section elementor-top-section elementor-element elementor-element-e2c7c35 elementor-section-boxed elementor-section-height-default elementor-section-height-default\" data-id=\"e2c7c35\" data-element_type=\"section\">\n\t\t\t\t\t\t<div class=\"elementor-container elementor-column-gap-default\">\n\t\t\t\t\t\t\t<div class=\"elementor-row\">\n\t\t\t\t\t<div class=\"elementor-column elementor-col-100 elementor-top-column elementor-element elementor-element-a837280\" data-id=\"a837280\" data-element_type=\"column\">\n\t\t\t<div class=\"elementor-column-wrap elementor-element-populated\">\n\t\t\t\t\t\t\t<div class=\"elementor-widget-wrap\">\n\t\t\t\t\t\t<div class=\"elementor-element elementor-element-bcd76fe elementor-widget elementor-widget-shortcode\" data-id=\"bcd76fe\" data-element_type=\"widget\" data-widget_type=\"shortcode.default\">\n\t\t\t\t<div class=\"elementor-widget-container\">\n\t\t\t\t\t<div class=\"elementor-shortcode\"><div class=\"su-image-carousel  su-image-carousel-columns-3 su-image-carousel-has-spacing su-image-carousel-crop su-image-carousel-crop-4-3 su-image-carousel-has-lightbox su-image-carousel-has-outline su-image-carousel-adaptive su-image-carousel-slides-style-minimal su-image-carousel-controls-style-dark su-image-carousel-align-none\" style=\"\" data-flickity-options='{\"groupCells\":true,\"cellSelector\":\".su-image-carousel-item\",\"adaptiveHeight\":false,\"cellAlign\":\"left\",\"prevNextButtons\":true,\"pageDots\":true,\"autoPlay\":5000,\"imagesLoaded\":true,\"contain\":true,\"selectedAttraction\":0.025,\"friction\":0.28}' id=\"su_image_carousel_69e36a11ae8b6\"><div class=\"su-image-carousel-item\"><div class=\"su-image-carousel-item-content\"><a href=\"https:\/\/psfodele.gr\/wp-content\/uploads\/2020\/07\/DSCN1368.jpg\" target=\"_blank\" rel=\"noopener noreferrer\" data-caption=\"\"><img width=\"600\" height=\"450\" src=\"https:\/\/psfodele.gr\/wp-content\/uploads\/2020\/07\/DSCN1368.jpg\" class=\"\" alt=\"\" loading=\"lazy\" srcset=\"https:\/\/psfodele.gr\/wp-content\/uploads\/2020\/07\/DSCN1368.jpg 600w, https:\/\/psfodele.gr\/wp-content\/uploads\/2020\/07\/DSCN1368-300x225.jpg 300w\" sizes=\"(max-width: 600px) 100vw, 600px\" \/><\/a><\/div><\/div><div class=\"su-image-carousel-item\"><div class=\"su-image-carousel-item-content\"><a href=\"https:\/\/psfodele.gr\/wp-content\/uploads\/2020\/07\/DSCN1375.jpg\" target=\"_blank\" rel=\"noopener noreferrer\" data-caption=\"\"><img width=\"600\" height=\"450\" src=\"https:\/\/psfodele.gr\/wp-content\/uploads\/2020\/07\/DSCN1375.jpg\" class=\"\" alt=\"\" loading=\"lazy\" srcset=\"https:\/\/psfodele.gr\/wp-content\/uploads\/2020\/07\/DSCN1375.jpg 600w, https:\/\/psfodele.gr\/wp-content\/uploads\/2020\/07\/DSCN1375-300x225.jpg 300w\" sizes=\"(max-width: 600px) 100vw, 600px\" \/><\/a><\/div><\/div><div class=\"su-image-carousel-item\"><div class=\"su-image-carousel-item-content\"><a href=\"https:\/\/psfodele.gr\/wp-content\/uploads\/2020\/07\/DSCN1415.jpg\" target=\"_blank\" rel=\"noopener noreferrer\" data-caption=\"\"><img width=\"600\" height=\"450\" src=\"https:\/\/psfodele.gr\/wp-content\/uploads\/2020\/07\/DSCN1415.jpg\" class=\"\" alt=\"\" loading=\"lazy\" srcset=\"https:\/\/psfodele.gr\/wp-content\/uploads\/2020\/07\/DSCN1415.jpg 600w, https:\/\/psfodele.gr\/wp-content\/uploads\/2020\/07\/DSCN1415-300x225.jpg 300w\" sizes=\"(max-width: 600px) 100vw, 600px\" \/><\/a><\/div><\/div><div class=\"su-image-carousel-item\"><div class=\"su-image-carousel-item-content\"><a href=\"https:\/\/psfodele.gr\/wp-content\/uploads\/2020\/07\/DSCN1459.jpg\" target=\"_blank\" rel=\"noopener noreferrer\" data-caption=\"\"><img width=\"600\" height=\"450\" src=\"https:\/\/psfodele.gr\/wp-content\/uploads\/2020\/07\/DSCN1459.jpg\" class=\"\" alt=\"\" loading=\"lazy\" srcset=\"https:\/\/psfodele.gr\/wp-content\/uploads\/2020\/07\/DSCN1459.jpg 600w, https:\/\/psfodele.gr\/wp-content\/uploads\/2020\/07\/DSCN1459-300x225.jpg 300w\" sizes=\"(max-width: 600px) 100vw, 600px\" \/><\/a><\/div><\/div><div class=\"su-image-carousel-item\"><div class=\"su-image-carousel-item-content\"><a href=\"https:\/\/psfodele.gr\/wp-content\/uploads\/2020\/07\/DSCN1825.jpg\" target=\"_blank\" rel=\"noopener noreferrer\" data-caption=\"\"><img width=\"600\" height=\"450\" src=\"https:\/\/psfodele.gr\/wp-content\/uploads\/2020\/07\/DSCN1825.jpg\" class=\"\" alt=\"\" loading=\"lazy\" srcset=\"https:\/\/psfodele.gr\/wp-content\/uploads\/2020\/07\/DSCN1825.jpg 600w, https:\/\/psfodele.gr\/wp-content\/uploads\/2020\/07\/DSCN1825-300x225.jpg 300w\" sizes=\"(max-width: 600px) 100vw, 600px\" \/><\/a><\/div><\/div><div class=\"su-image-carousel-item\"><div class=\"su-image-carousel-item-content\"><a href=\"https:\/\/psfodele.gr\/wp-content\/uploads\/2020\/07\/site006-1.jpg\" target=\"_blank\" rel=\"noopener noreferrer\" data-caption=\"\"><img width=\"600\" height=\"450\" src=\"https:\/\/psfodele.gr\/wp-content\/uploads\/2020\/07\/site006-1.jpg\" class=\"\" alt=\"\" loading=\"lazy\" srcset=\"https:\/\/psfodele.gr\/wp-content\/uploads\/2020\/07\/site006-1.jpg 600w, https:\/\/psfodele.gr\/wp-content\/uploads\/2020\/07\/site006-1-300x225.jpg 300w\" sizes=\"(max-width: 600px) 100vw, 600px\" \/><\/a><\/div><\/div><div class=\"su-image-carousel-item\"><div class=\"su-image-carousel-item-content\"><a href=\"https:\/\/psfodele.gr\/wp-content\/uploads\/2020\/07\/site007.jpg\" target=\"_blank\" rel=\"noopener noreferrer\" data-caption=\"\"><img width=\"600\" height=\"450\" src=\"https:\/\/psfodele.gr\/wp-content\/uploads\/2020\/07\/site007.jpg\" class=\"\" alt=\"\" loading=\"lazy\" srcset=\"https:\/\/psfodele.gr\/wp-content\/uploads\/2020\/07\/site007.jpg 600w, https:\/\/psfodele.gr\/wp-content\/uploads\/2020\/07\/site007-300x225.jpg 300w\" sizes=\"(max-width: 600px) 100vw, 600px\" \/><\/a><\/div><\/div><div class=\"su-image-carousel-item\"><div class=\"su-image-carousel-item-content\"><a href=\"https:\/\/psfodele.gr\/wp-content\/uploads\/2020\/07\/site009.jpg\" target=\"_blank\" rel=\"noopener noreferrer\" data-caption=\"\"><img width=\"600\" height=\"450\" src=\"https:\/\/psfodele.gr\/wp-content\/uploads\/2020\/07\/site009.jpg\" class=\"\" alt=\"\" loading=\"lazy\" srcset=\"https:\/\/psfodele.gr\/wp-content\/uploads\/2020\/07\/site009.jpg 600w, https:\/\/psfodele.gr\/wp-content\/uploads\/2020\/07\/site009-300x225.jpg 300w\" sizes=\"(max-width: 600px) 100vw, 600px\" \/><\/a><\/div><\/div><div class=\"su-image-carousel-item\"><div class=\"su-image-carousel-item-content\"><a href=\"https:\/\/psfodele.gr\/wp-content\/uploads\/2020\/07\/site014.jpg\" target=\"_blank\" rel=\"noopener noreferrer\" data-caption=\"\"><img width=\"600\" height=\"450\" src=\"https:\/\/psfodele.gr\/wp-content\/uploads\/2020\/07\/site014.jpg\" class=\"\" alt=\"\" loading=\"lazy\" srcset=\"https:\/\/psfodele.gr\/wp-content\/uploads\/2020\/07\/site014.jpg 600w, https:\/\/psfodele.gr\/wp-content\/uploads\/2020\/07\/site014-300x225.jpg 300w\" sizes=\"(max-width: 600px) 100vw, 600px\" \/><\/a><\/div><\/div><div class=\"su-image-carousel-item\"><div class=\"su-image-carousel-item-content\"><a href=\"https:\/\/psfodele.gr\/wp-content\/uploads\/2020\/07\/site039.jpg\" target=\"_blank\" rel=\"noopener noreferrer\" data-caption=\"\"><img width=\"600\" height=\"450\" src=\"https:\/\/psfodele.gr\/wp-content\/uploads\/2020\/07\/site039.jpg\" class=\"\" alt=\"\" loading=\"lazy\" srcset=\"https:\/\/psfodele.gr\/wp-content\/uploads\/2020\/07\/site039.jpg 600w, https:\/\/psfodele.gr\/wp-content\/uploads\/2020\/07\/site039-300x225.jpg 300w\" sizes=\"(max-width: 600px) 100vw, 600px\" \/><\/a><\/div><\/div><div class=\"su-image-carousel-item\"><div class=\"su-image-carousel-item-content\"><a href=\"https:\/\/psfodele.gr\/wp-content\/uploads\/2020\/07\/site040.jpg\" target=\"_blank\" rel=\"noopener noreferrer\" data-caption=\"\"><img width=\"600\" height=\"450\" src=\"https:\/\/psfodele.gr\/wp-content\/uploads\/2020\/07\/site040.jpg\" class=\"\" alt=\"\" loading=\"lazy\" srcset=\"https:\/\/psfodele.gr\/wp-content\/uploads\/2020\/07\/site040.jpg 600w, https:\/\/psfodele.gr\/wp-content\/uploads\/2020\/07\/site040-300x225.jpg 300w\" sizes=\"(max-width: 600px) 100vw, 600px\" \/><\/a><\/div><\/div><\/div><script id=\"su_image_carousel_69e36a11ae8b6_script\">if(window.SUImageCarousel){setTimeout(function() {window.SUImageCarousel.initGallery(document.getElementById(\"su_image_carousel_69e36a11ae8b6\"))}, 0);}var su_image_carousel_69e36a11ae8b6_script=document.getElementById(\"su_image_carousel_69e36a11ae8b6_script\");if(su_image_carousel_69e36a11ae8b6_script){su_image_carousel_69e36a11ae8b6_script.parentNode.removeChild(su_image_carousel_69e36a11ae8b6_script);}<\/script><\/div>\n\t\t\t\t<\/div>\n\t\t\t\t<\/div>\n\t\t\t\t\t\t<\/div>\n\t\t\t\t\t<\/div>\n\t\t<\/div>\n\t\t\t\t\t\t\t\t<\/div>\n\t\t\t\t\t<\/div>\n\t\t<\/section>\n\t\t\t\t<section class=\"elementor-section elementor-top-section elementor-element elementor-element-94deea6 elementor-section-boxed elementor-section-height-default elementor-section-height-default\" data-id=\"94deea6\" data-element_type=\"section\">\n\t\t\t\t\t\t<div class=\"elementor-container elementor-column-gap-default\">\n\t\t\t\t\t\t\t<div class=\"elementor-row\">\n\t\t\t\t\t<div class=\"elementor-column elementor-col-100 elementor-top-column elementor-element elementor-element-5c028b9\" data-id=\"5c028b9\" data-element_type=\"column\">\n\t\t\t<div class=\"elementor-column-wrap elementor-element-populated\">\n\t\t\t\t\t\t\t<div class=\"elementor-widget-wrap\">\n\t\t\t\t\t\t<div class=\"elementor-element elementor-element-36073d3 elementor-widget elementor-widget-spacer\" data-id=\"36073d3\" data-element_type=\"widget\" data-widget_type=\"spacer.default\">\n\t\t\t\t<div class=\"elementor-widget-container\">\n\t\t\t\t\t<div class=\"elementor-spacer\">\n\t\t\t<div class=\"elementor-spacer-inner\"><\/div>\n\t\t<\/div>\n\t\t\t\t<\/div>\n\t\t\t\t<\/div>\n\t\t\t\t<div class=\"elementor-element elementor-element-0f0bf5e elementor-widget elementor-widget-heading\" data-id=\"0f0bf5e\" data-element_type=\"widget\" data-widget_type=\"heading.default\">\n\t\t\t\t<div class=\"elementor-widget-container\">\n\t\t\t<h2 class=\"elementor-heading-title elementor-size-default\"> Plus d'itin\u00e9raires<\/h2>\t\t<\/div>\n\t\t\t\t<\/div>\n\t\t\t\t<div class=\"elementor-element elementor-element-89510ea elementor-grid-2 elementor-posts--thumbnail-left elementor-grid-tablet-2 elementor-grid-mobile-1 elementor-widget elementor-widget-posts\" data-id=\"89510ea\" data-element_type=\"widget\" data-settings=\"{&quot;classic_columns&quot;:&quot;2&quot;,&quot;classic_columns_tablet&quot;:&quot;2&quot;,&quot;classic_columns_mobile&quot;:&quot;1&quot;,&quot;classic_row_gap&quot;:{&quot;unit&quot;:&quot;px&quot;,&quot;size&quot;:35,&quot;sizes&quot;:[]},&quot;classic_row_gap_tablet&quot;:{&quot;unit&quot;:&quot;px&quot;,&quot;size&quot;:&quot;&quot;,&quot;sizes&quot;:[]},&quot;classic_row_gap_mobile&quot;:{&quot;unit&quot;:&quot;px&quot;,&quot;size&quot;:&quot;&quot;,&quot;sizes&quot;:[]}}\" data-widget_type=\"posts.classic\">\n\t\t\t\t<div class=\"elementor-widget-container\">\n\t\t\t\t\t<div class=\"elementor-posts-container elementor-posts elementor-posts--skin-classic elementor-grid\">\n\t\t\t\t<article class=\"elementor-post elementor-grid-item post-6268 page type-page status-publish has-post-thumbnail hentry entry has-media\">\n\t\t\t\t<a class=\"elementor-post__thumbnail__link\" href=\"https:\/\/psfodele.gr\/fr\/fodele\/sentiers\/de-lentree-du-village\/\" >\n\t\t\t<div class=\"elementor-post__thumbnail\"><img width=\"300\" height=\"225\" src=\"https:\/\/psfodele.gr\/wp-content\/uploads\/2020\/07\/pasxa2006020-1-300x225.jpg\" class=\"attachment-medium size-medium\" alt=\"\" loading=\"lazy\" \/><\/div>\n\t\t<\/a>\n\t\t\t\t<div class=\"elementor-post__text\">\n\t\t\t\t<h3 class=\"elementor-post__title\">\n\t\t\t<a href=\"https:\/\/psfodele.gr\/fr\/fodele\/sentiers\/de-lentree-du-village\/\" >\n\t\t\t\tDe l&rsquo;entr\u00e9e du village\t\t\t<\/a>\n\t\t<\/h3>\n\t\t\t\t\t<a class=\"elementor-post__read-more\" href=\"https:\/\/psfodele.gr\/fr\/fodele\/sentiers\/de-lentree-du-village\/\" >\n\t\t\t\tPlus\t\t\t<\/a>\n\t\t\t\t<\/div>\n\t\t\t\t<\/article>\n\t\t\t\t<article class=\"elementor-post elementor-grid-item post-6492 page type-page status-publish has-post-thumbnail hentry entry has-media\">\n\t\t\t\t<a class=\"elementor-post__thumbnail__link\" href=\"https:\/\/psfodele.gr\/fr\/fodele\/sentiers\/%ce%bf-%cf%80%ce%bb%ce%ac%cf%84%ce%b1%ce%bd%ce%bf%cf%82\/\" >\n\t\t\t<div class=\"elementor-post__thumbnail\"><img width=\"300\" height=\"225\" src=\"https:\/\/psfodele.gr\/wp-content\/uploads\/2020\/07\/01-site001-300x225.jpg\" class=\"attachment-medium size-medium\" alt=\"\" loading=\"lazy\" \/><\/div>\n\t\t<\/a>\n\t\t\t\t<div class=\"elementor-post__text\">\n\t\t\t\t<h3 class=\"elementor-post__title\">\n\t\t\t<a href=\"https:\/\/psfodele.gr\/fr\/fodele\/sentiers\/%ce%bf-%cf%80%ce%bb%ce%ac%cf%84%ce%b1%ce%bd%ce%bf%cf%82\/\" >\n\t\t\t\tLe fameux platane\t\t\t<\/a>\n\t\t<\/h3>\n\t\t\t\t\t<a class=\"elementor-post__read-more\" href=\"https:\/\/psfodele.gr\/fr\/fodele\/sentiers\/%ce%bf-%cf%80%ce%bb%ce%ac%cf%84%ce%b1%ce%bd%ce%bf%cf%82\/\" >\n\t\t\t\tPlus\t\t\t<\/a>\n\t\t\t\t<\/div>\n\t\t\t\t<\/article>\n\t\t\t\t<article class=\"elementor-post elementor-grid-item post-6364 page type-page status-publish has-post-thumbnail hentry entry has-media\">\n\t\t\t\t<a class=\"elementor-post__thumbnail__link\" href=\"https:\/\/psfodele.gr\/fr\/fodele\/sentiers\/deuxieme-pont\/\" >\n\t\t\t<div class=\"elementor-post__thumbnail\"><img width=\"300\" height=\"225\" src=\"https:\/\/psfodele.gr\/wp-content\/uploads\/2020\/07\/01-321-deytero-gefyraki-300x225.jpg\" class=\"attachment-medium size-medium\" alt=\"\" loading=\"lazy\" \/><\/div>\n\t\t<\/a>\n\t\t\t\t<div class=\"elementor-post__text\">\n\t\t\t\t<h3 class=\"elementor-post__title\">\n\t\t\t<a href=\"https:\/\/psfodele.gr\/fr\/fodele\/sentiers\/deuxieme-pont\/\" >\n\t\t\t\tDeuxi\u00e8me pont\t\t\t<\/a>\n\t\t<\/h3>\n\t\t\t\t\t<a class=\"elementor-post__read-more\" href=\"https:\/\/psfodele.gr\/fr\/fodele\/sentiers\/deuxieme-pont\/\" >\n\t\t\t\tPlus\t\t\t<\/a>\n\t\t\t\t<\/div>\n\t\t\t\t<\/article>\n\t\t\t\t<article class=\"elementor-post elementor-grid-item post-6406 page type-page status-publish has-post-thumbnail hentry entry has-media\">\n\t\t\t\t<a class=\"elementor-post__thumbnail__link\" href=\"https:\/\/psfodele.gr\/fr\/fodele\/sentiers\/la-sortie-du-village\/\" >\n\t\t\t<div class=\"elementor-post__thumbnail\"><img width=\"300\" height=\"225\" src=\"https:\/\/psfodele.gr\/wp-content\/uploads\/2020\/07\/01-site099-300x225.jpg\" class=\"attachment-medium size-medium\" alt=\"\" loading=\"lazy\" \/><\/div>\n\t\t<\/a>\n\t\t\t\t<div class=\"elementor-post__text\">\n\t\t\t\t<h3 class=\"elementor-post__title\">\n\t\t\t<a href=\"https:\/\/psfodele.gr\/fr\/fodele\/sentiers\/la-sortie-du-village\/\" >\n\t\t\t\tLa sortie du village\t\t\t<\/a>\n\t\t<\/h3>\n\t\t\t\t\t<a class=\"elementor-post__read-more\" href=\"https:\/\/psfodele.gr\/fr\/fodele\/sentiers\/la-sortie-du-village\/\" >\n\t\t\t\tPlus\t\t\t<\/a>\n\t\t\t\t<\/div>\n\t\t\t\t<\/article>\n\t\t\t\t<\/div>\n\n\n\t\t\n\t\t\t\t<\/div>\n\t\t\t\t<\/div>\n\t\t\t\t\t\t<\/div>\n\t\t\t\t\t<\/div>\n\t\t<\/div>\n\t\t\t\t\t\t\t\t<\/div>\n\t\t\t\t\t<\/div>\n\t\t<\/section>\n\t\t\t\t\t\t\t\t\t<\/div>\n\t\t\t<\/div>\n\t\t\t\t\t<\/div>\n\t\t","protected":false},"excerpt":{"rendered":"<p>Pour les plus courageux est propos\u00e9 la mont\u00e9e jusqu&rsquo; aux sommets des collines ou se trouvent les tours v\u00e9nitiennes (Kouledes) et l&rsquo;exploration des cascades d&rsquo;eau<\/p>\n","protected":false},"author":5,"featured_media":1728,"parent":6584,"menu_order":0,"comment_status":"closed","ping_status":"closed","template":"","meta":[],"_links":{"self":[{"href":"https:\/\/psfodele.gr\/fr\/wp-json\/wp\/v2\/pages\/6431"}],"collection":[{"href":"https:\/\/psfodele.gr\/fr\/wp-json\/wp\/v2\/pages"}],"about":[{"href":"https:\/\/psfodele.gr\/fr\/wp-json\/wp\/v2\/types\/page"}],"author":[{"embeddable":true,"href":"https:\/\/psfodele.gr\/fr\/wp-json\/wp\/v2\/users\/5"}],"replies":[{"embeddable":true,"href":"https:\/\/psfodele.gr\/fr\/wp-json\/wp\/v2\/comments?post=6431"}],"version-history":[{"count":5,"href":"https:\/\/psfodele.gr\/fr\/wp-json\/wp\/v2\/pages\/6431\/revisions"}],"predecessor-version":[{"id":7520,"href":"https:\/\/psfodele.gr\/fr\/wp-json\/wp\/v2\/pages\/6431\/revisions\/7520"}],"up":[{"embeddable":true,"href":"https:\/\/psfodele.gr\/fr\/wp-json\/wp\/v2\/pages\/6584"}],"wp:featuredmedia":[{"embeddable":true,"href":"https:\/\/psfodele.gr\/fr\/wp-json\/wp\/v2\/media\/1728"}],"wp:attachment":[{"href":"https:\/\/psfodele.gr\/fr\/wp-json\/wp\/v2\/media?parent=6431"}],"curies":[{"name":"wp","href":"https:\/\/api.w.org\/{rel}","templated":true}]}}