{"id":6492,"date":"2020-09-14T10:40:30","date_gmt":"2020-09-14T07:40:30","guid":{"rendered":"https:\/\/fodele.intermedia.software\/%ce%bf-%cf%80%ce%bb%ce%ac%cf%84%ce%b1%ce%bd%ce%bf%cf%82\/"},"modified":"2020-09-17T16:21:37","modified_gmt":"2020-09-17T13:21:37","slug":"%ce%bf-%cf%80%ce%bb%ce%ac%cf%84%ce%b1%ce%bd%ce%bf%cf%82","status":"publish","type":"page","link":"https:\/\/psfodele.gr\/fr\/fodele\/sentiers\/%ce%bf-%cf%80%ce%bb%ce%ac%cf%84%ce%b1%ce%bd%ce%bf%cf%82\/","title":{"rendered":"Le fameux platane"},"content":{"rendered":"\t\t<div data-elementor-type=\"wp-page\" data-elementor-id=\"6492\" class=\"elementor elementor-6492 elementor-5902\">\n\t\t\t\t\t\t<div class=\"elementor-inner\">\n\t\t\t\t<div class=\"elementor-section-wrap\">\n\t\t\t\t\t\t\t\t\t<section class=\"elementor-section elementor-top-section elementor-element elementor-element-ea19800 elementor-section-height-min-height elementor-section-boxed elementor-section-height-default elementor-section-items-middle\" data-id=\"ea19800\" data-element_type=\"section\" data-settings=\"{&quot;background_background&quot;:&quot;classic&quot;}\">\n\t\t\t\t\t\t<div class=\"elementor-container elementor-column-gap-default\">\n\t\t\t\t\t\t\t<div class=\"elementor-row\">\n\t\t\t\t\t<div class=\"elementor-column elementor-col-100 elementor-top-column elementor-element elementor-element-276d496\" data-id=\"276d496\" data-element_type=\"column\">\n\t\t\t<div class=\"elementor-column-wrap\">\n\t\t\t\t\t\t\t<div class=\"elementor-widget-wrap\">\n\t\t\t\t\t\t\t\t<\/div>\n\t\t\t\t\t<\/div>\n\t\t<\/div>\n\t\t\t\t\t\t\t\t<\/div>\n\t\t\t\t\t<\/div>\n\t\t<\/section>\n\t\t\t\t<section class=\"elementor-section elementor-top-section elementor-element elementor-element-ae33e22 elementor-section-boxed elementor-section-height-default elementor-section-height-default\" data-id=\"ae33e22\" data-element_type=\"section\">\n\t\t\t\t\t\t<div class=\"elementor-container elementor-column-gap-default\">\n\t\t\t\t\t\t\t<div class=\"elementor-row\">\n\t\t\t\t\t<div class=\"elementor-column elementor-col-100 elementor-top-column elementor-element elementor-element-06915e0\" data-id=\"06915e0\" data-element_type=\"column\">\n\t\t\t<div class=\"elementor-column-wrap elementor-element-populated\">\n\t\t\t\t\t\t\t<div class=\"elementor-widget-wrap\">\n\t\t\t\t\t\t<div class=\"elementor-element elementor-element-fbd5a2a elementor-widget elementor-widget-text-editor\" data-id=\"fbd5a2a\" data-element_type=\"widget\" data-widget_type=\"text-editor.default\">\n\t\t\t\t<div class=\"elementor-widget-container\">\n\t\t\t\t\t\t\t\t<div class=\"elementor-text-editor elementor-clearfix\">\n\t\t\t\t<p style=\"text-align: justify;\">Apr\u00e8s avoir visit\u00e9 le fameux platane (qui porte la plaque d\u00e9dicatoire) au centre du village, on peut suivre le chemin de paysage propos\u00e9 par l&rsquo;association culturelle (indiqu\u00e9 par un panneau) qui longe le fleuve en menant \u00e0 l&rsquo;ancien lavoir de la communaut\u00e9.<\/p>\n\t\t\t\t\t<\/div>\n\t\t\t\t\t\t<\/div>\n\t\t\t\t<\/div>\n\t\t\t\t\t\t<\/div>\n\t\t\t\t\t<\/div>\n\t\t<\/div>\n\t\t\t\t\t\t\t\t<\/div>\n\t\t\t\t\t<\/div>\n\t\t<\/section>\n\t\t\t\t<section class=\"elementor-section elementor-top-section elementor-element elementor-element-e999e28 elementor-section-boxed elementor-section-height-default elementor-section-height-default\" data-id=\"e999e28\" data-element_type=\"section\">\n\t\t\t\t\t\t<div class=\"elementor-container elementor-column-gap-default\">\n\t\t\t\t\t\t\t<div class=\"elementor-row\">\n\t\t\t\t\t<div class=\"elementor-column elementor-col-100 elementor-top-column elementor-element elementor-element-17b6afb\" data-id=\"17b6afb\" data-element_type=\"column\">\n\t\t\t<div class=\"elementor-column-wrap elementor-element-populated\">\n\t\t\t\t\t\t\t<div class=\"elementor-widget-wrap\">\n\t\t\t\t\t\t<div class=\"elementor-element elementor-element-60ed033 elementor-widget elementor-widget-shortcode\" data-id=\"60ed033\" data-element_type=\"widget\" data-widget_type=\"shortcode.default\">\n\t\t\t\t<div class=\"elementor-widget-container\">\n\t\t\t\t\t<div class=\"elementor-shortcode\"><div class=\"su-image-carousel  su-image-carousel-columns-3 su-image-carousel-has-spacing su-image-carousel-crop su-image-carousel-crop-4-3 su-image-carousel-has-lightbox su-image-carousel-has-outline su-image-carousel-adaptive su-image-carousel-slides-style-minimal su-image-carousel-controls-style-dark su-image-carousel-align-none\" style=\"\" data-flickity-options='{\"groupCells\":true,\"cellSelector\":\".su-image-carousel-item\",\"adaptiveHeight\":false,\"cellAlign\":\"left\",\"prevNextButtons\":true,\"pageDots\":true,\"autoPlay\":5000,\"imagesLoaded\":true,\"contain\":true,\"selectedAttraction\":0.025,\"friction\":0.28}' id=\"su_image_carousel_69e3666bc9f55\"><div class=\"su-image-carousel-item\"><div class=\"su-image-carousel-item-content\"><a href=\"https:\/\/psfodele.gr\/wp-content\/uploads\/2020\/07\/site088.jpg\" target=\"_blank\" rel=\"noopener noreferrer\" data-caption=\"\"><img width=\"600\" height=\"450\" src=\"https:\/\/psfodele.gr\/wp-content\/uploads\/2020\/07\/site088.jpg\" class=\"\" alt=\"\" loading=\"lazy\" srcset=\"https:\/\/psfodele.gr\/wp-content\/uploads\/2020\/07\/site088.jpg 600w, https:\/\/psfodele.gr\/wp-content\/uploads\/2020\/07\/site088-300x225.jpg 300w\" sizes=\"(max-width: 600px) 100vw, 600px\" \/><\/a><\/div><\/div><div class=\"su-image-carousel-item\"><div class=\"su-image-carousel-item-content\"><a href=\"https:\/\/psfodele.gr\/wp-content\/uploads\/2020\/07\/site109.jpg\" target=\"_blank\" rel=\"noopener noreferrer\" data-caption=\"\"><img width=\"600\" height=\"450\" src=\"https:\/\/psfodele.gr\/wp-content\/uploads\/2020\/07\/site109.jpg\" class=\"\" alt=\"\" loading=\"lazy\" srcset=\"https:\/\/psfodele.gr\/wp-content\/uploads\/2020\/07\/site109.jpg 600w, https:\/\/psfodele.gr\/wp-content\/uploads\/2020\/07\/site109-300x225.jpg 300w\" sizes=\"(max-width: 600px) 100vw, 600px\" \/><\/a><\/div><\/div><div class=\"su-image-carousel-item\"><div class=\"su-image-carousel-item-content\"><a href=\"https:\/\/psfodele.gr\/wp-content\/uploads\/2020\/07\/site110.jpg\" target=\"_blank\" rel=\"noopener noreferrer\" data-caption=\"\"><img width=\"600\" height=\"450\" src=\"https:\/\/psfodele.gr\/wp-content\/uploads\/2020\/07\/site110.jpg\" class=\"\" alt=\"\" loading=\"lazy\" srcset=\"https:\/\/psfodele.gr\/wp-content\/uploads\/2020\/07\/site110.jpg 600w, https:\/\/psfodele.gr\/wp-content\/uploads\/2020\/07\/site110-300x225.jpg 300w\" sizes=\"(max-width: 600px) 100vw, 600px\" \/><\/a><\/div><\/div><div class=\"su-image-carousel-item\"><div class=\"su-image-carousel-item-content\"><a href=\"https:\/\/psfodele.gr\/wp-content\/uploads\/2020\/07\/site112.jpg\" target=\"_blank\" rel=\"noopener noreferrer\" data-caption=\"\"><img width=\"600\" height=\"450\" src=\"https:\/\/psfodele.gr\/wp-content\/uploads\/2020\/07\/site112.jpg\" class=\"\" alt=\"\" loading=\"lazy\" srcset=\"https:\/\/psfodele.gr\/wp-content\/uploads\/2020\/07\/site112.jpg 600w, https:\/\/psfodele.gr\/wp-content\/uploads\/2020\/07\/site112-300x225.jpg 300w\" sizes=\"(max-width: 600px) 100vw, 600px\" \/><\/a><\/div><\/div><div class=\"su-image-carousel-item\"><div class=\"su-image-carousel-item-content\"><a href=\"https:\/\/psfodele.gr\/wp-content\/uploads\/2020\/07\/site113.jpg\" target=\"_blank\" rel=\"noopener noreferrer\" data-caption=\"\"><img width=\"600\" height=\"450\" src=\"https:\/\/psfodele.gr\/wp-content\/uploads\/2020\/07\/site113.jpg\" class=\"\" alt=\"\" loading=\"lazy\" srcset=\"https:\/\/psfodele.gr\/wp-content\/uploads\/2020\/07\/site113.jpg 600w, https:\/\/psfodele.gr\/wp-content\/uploads\/2020\/07\/site113-300x225.jpg 300w\" sizes=\"(max-width: 600px) 100vw, 600px\" \/><\/a><\/div><\/div><div class=\"su-image-carousel-item\"><div class=\"su-image-carousel-item-content\"><a href=\"https:\/\/psfodele.gr\/wp-content\/uploads\/2020\/07\/site114.jpg\" target=\"_blank\" rel=\"noopener noreferrer\" data-caption=\"\"><img width=\"600\" height=\"450\" src=\"https:\/\/psfodele.gr\/wp-content\/uploads\/2020\/07\/site114.jpg\" class=\"\" alt=\"\" loading=\"lazy\" srcset=\"https:\/\/psfodele.gr\/wp-content\/uploads\/2020\/07\/site114.jpg 600w, https:\/\/psfodele.gr\/wp-content\/uploads\/2020\/07\/site114-300x225.jpg 300w\" sizes=\"(max-width: 600px) 100vw, 600px\" \/><\/a><\/div><\/div><div class=\"su-image-carousel-item\"><div class=\"su-image-carousel-item-content\"><a href=\"https:\/\/psfodele.gr\/wp-content\/uploads\/2020\/07\/site118.jpg\" target=\"_blank\" rel=\"noopener noreferrer\" data-caption=\"\"><img width=\"600\" height=\"450\" src=\"https:\/\/psfodele.gr\/wp-content\/uploads\/2020\/07\/site118.jpg\" class=\"\" alt=\"\" loading=\"lazy\" srcset=\"https:\/\/psfodele.gr\/wp-content\/uploads\/2020\/07\/site118.jpg 600w, https:\/\/psfodele.gr\/wp-content\/uploads\/2020\/07\/site118-300x225.jpg 300w\" sizes=\"(max-width: 600px) 100vw, 600px\" \/><\/a><\/div><\/div><div class=\"su-image-carousel-item\"><div class=\"su-image-carousel-item-content\"><a href=\"https:\/\/psfodele.gr\/wp-content\/uploads\/2020\/07\/site119.jpg\" target=\"_blank\" rel=\"noopener noreferrer\" data-caption=\"\"><img width=\"600\" height=\"450\" src=\"https:\/\/psfodele.gr\/wp-content\/uploads\/2020\/07\/site119.jpg\" class=\"\" alt=\"\" loading=\"lazy\" srcset=\"https:\/\/psfodele.gr\/wp-content\/uploads\/2020\/07\/site119.jpg 600w, https:\/\/psfodele.gr\/wp-content\/uploads\/2020\/07\/site119-300x225.jpg 300w\" sizes=\"(max-width: 600px) 100vw, 600px\" \/><\/a><\/div><\/div><div class=\"su-image-carousel-item\"><div class=\"su-image-carousel-item-content\"><a href=\"https:\/\/psfodele.gr\/wp-content\/uploads\/2020\/07\/site120.jpg\" target=\"_blank\" rel=\"noopener noreferrer\" data-caption=\"\"><img width=\"600\" height=\"450\" src=\"https:\/\/psfodele.gr\/wp-content\/uploads\/2020\/07\/site120.jpg\" class=\"\" alt=\"\" loading=\"lazy\" srcset=\"https:\/\/psfodele.gr\/wp-content\/uploads\/2020\/07\/site120.jpg 600w, https:\/\/psfodele.gr\/wp-content\/uploads\/2020\/07\/site120-300x225.jpg 300w\" sizes=\"(max-width: 600px) 100vw, 600px\" \/><\/a><\/div><\/div><div class=\"su-image-carousel-item\"><div class=\"su-image-carousel-item-content\"><a href=\"https:\/\/psfodele.gr\/wp-content\/uploads\/2020\/07\/z1115-1.jpg\" target=\"_blank\" rel=\"noopener noreferrer\" data-caption=\"\"><img width=\"600\" height=\"450\" src=\"https:\/\/psfodele.gr\/wp-content\/uploads\/2020\/07\/z1115-1.jpg\" class=\"\" alt=\"\" loading=\"lazy\" srcset=\"https:\/\/psfodele.gr\/wp-content\/uploads\/2020\/07\/z1115-1.jpg 600w, https:\/\/psfodele.gr\/wp-content\/uploads\/2020\/07\/z1115-1-300x225.jpg 300w\" sizes=\"(max-width: 600px) 100vw, 600px\" \/><\/a><\/div><\/div><div class=\"su-image-carousel-item\"><div class=\"su-image-carousel-item-content\"><a href=\"https:\/\/psfodele.gr\/wp-content\/uploads\/2020\/07\/z2117.jpg\" target=\"_blank\" rel=\"noopener noreferrer\" data-caption=\"\"><img width=\"600\" height=\"450\" src=\"https:\/\/psfodele.gr\/wp-content\/uploads\/2020\/07\/z2117.jpg\" class=\"\" alt=\"\" loading=\"lazy\" srcset=\"https:\/\/psfodele.gr\/wp-content\/uploads\/2020\/07\/z2117.jpg 600w, https:\/\/psfodele.gr\/wp-content\/uploads\/2020\/07\/z2117-300x225.jpg 300w\" sizes=\"(max-width: 600px) 100vw, 600px\" \/><\/a><\/div><\/div><\/div><script id=\"su_image_carousel_69e3666bc9f55_script\">if(window.SUImageCarousel){setTimeout(function() {window.SUImageCarousel.initGallery(document.getElementById(\"su_image_carousel_69e3666bc9f55\"))}, 0);}var su_image_carousel_69e3666bc9f55_script=document.getElementById(\"su_image_carousel_69e3666bc9f55_script\");if(su_image_carousel_69e3666bc9f55_script){su_image_carousel_69e3666bc9f55_script.parentNode.removeChild(su_image_carousel_69e3666bc9f55_script);}<\/script><\/div>\n\t\t\t\t<\/div>\n\t\t\t\t<\/div>\n\t\t\t\t\t\t<\/div>\n\t\t\t\t\t<\/div>\n\t\t<\/div>\n\t\t\t\t\t\t\t\t<\/div>\n\t\t\t\t\t<\/div>\n\t\t<\/section>\n\t\t\t\t<section class=\"elementor-section elementor-top-section elementor-element elementor-element-34bd9cb elementor-section-boxed elementor-section-height-default elementor-section-height-default\" data-id=\"34bd9cb\" data-element_type=\"section\">\n\t\t\t\t\t\t<div class=\"elementor-container elementor-column-gap-default\">\n\t\t\t\t\t\t\t<div class=\"elementor-row\">\n\t\t\t\t\t<div class=\"elementor-column elementor-col-100 elementor-top-column elementor-element elementor-element-c1674d9\" data-id=\"c1674d9\" data-element_type=\"column\">\n\t\t\t<div class=\"elementor-column-wrap elementor-element-populated\">\n\t\t\t\t\t\t\t<div class=\"elementor-widget-wrap\">\n\t\t\t\t\t\t<div class=\"elementor-element elementor-element-51e8955 elementor-widget elementor-widget-spacer\" data-id=\"51e8955\" data-element_type=\"widget\" data-widget_type=\"spacer.default\">\n\t\t\t\t<div class=\"elementor-widget-container\">\n\t\t\t\t\t<div class=\"elementor-spacer\">\n\t\t\t<div class=\"elementor-spacer-inner\"><\/div>\n\t\t<\/div>\n\t\t\t\t<\/div>\n\t\t\t\t<\/div>\n\t\t\t\t<div class=\"elementor-element elementor-element-1e03d21 elementor-widget elementor-widget-heading\" data-id=\"1e03d21\" data-element_type=\"widget\" data-widget_type=\"heading.default\">\n\t\t\t\t<div class=\"elementor-widget-container\">\n\t\t\t<h2 class=\"elementor-heading-title elementor-size-default\">Plus d'itin\u00e9raires<\/h2>\t\t<\/div>\n\t\t\t\t<\/div>\n\t\t\t\t<div class=\"elementor-element elementor-element-9115aa2 elementor-grid-2 elementor-posts--thumbnail-left elementor-grid-tablet-2 elementor-grid-mobile-1 elementor-widget elementor-widget-posts\" data-id=\"9115aa2\" data-element_type=\"widget\" data-settings=\"{&quot;classic_columns&quot;:&quot;2&quot;,&quot;classic_columns_tablet&quot;:&quot;2&quot;,&quot;classic_columns_mobile&quot;:&quot;1&quot;,&quot;classic_row_gap&quot;:{&quot;unit&quot;:&quot;px&quot;,&quot;size&quot;:35,&quot;sizes&quot;:[]},&quot;classic_row_gap_tablet&quot;:{&quot;unit&quot;:&quot;px&quot;,&quot;size&quot;:&quot;&quot;,&quot;sizes&quot;:[]},&quot;classic_row_gap_mobile&quot;:{&quot;unit&quot;:&quot;px&quot;,&quot;size&quot;:&quot;&quot;,&quot;sizes&quot;:[]}}\" data-widget_type=\"posts.classic\">\n\t\t\t\t<div class=\"elementor-widget-container\">\n\t\t\t\t\t<div class=\"elementor-posts-container elementor-posts elementor-posts--skin-classic elementor-grid\">\n\t\t\t\t<article class=\"elementor-post elementor-grid-item post-6268 page type-page status-publish has-post-thumbnail hentry entry has-media\">\n\t\t\t\t<a class=\"elementor-post__thumbnail__link\" href=\"https:\/\/psfodele.gr\/fr\/fodele\/sentiers\/de-lentree-du-village\/\" >\n\t\t\t<div class=\"elementor-post__thumbnail\"><img width=\"300\" height=\"225\" src=\"https:\/\/psfodele.gr\/wp-content\/uploads\/2020\/07\/pasxa2006020-1-300x225.jpg\" class=\"attachment-medium size-medium\" alt=\"\" loading=\"lazy\" \/><\/div>\n\t\t<\/a>\n\t\t\t\t<div class=\"elementor-post__text\">\n\t\t\t\t<h3 class=\"elementor-post__title\">\n\t\t\t<a href=\"https:\/\/psfodele.gr\/fr\/fodele\/sentiers\/de-lentree-du-village\/\" >\n\t\t\t\tDe l&rsquo;entr\u00e9e du village\t\t\t<\/a>\n\t\t<\/h3>\n\t\t\t\t\t<a class=\"elementor-post__read-more\" href=\"https:\/\/psfodele.gr\/fr\/fodele\/sentiers\/de-lentree-du-village\/\" >\n\t\t\t\tPlus\t\t\t<\/a>\n\t\t\t\t<\/div>\n\t\t\t\t<\/article>\n\t\t\t\t<article class=\"elementor-post elementor-grid-item post-6364 page type-page status-publish has-post-thumbnail hentry entry has-media\">\n\t\t\t\t<a class=\"elementor-post__thumbnail__link\" href=\"https:\/\/psfodele.gr\/fr\/fodele\/sentiers\/deuxieme-pont\/\" >\n\t\t\t<div class=\"elementor-post__thumbnail\"><img width=\"300\" height=\"225\" src=\"https:\/\/psfodele.gr\/wp-content\/uploads\/2020\/07\/01-321-deytero-gefyraki-300x225.jpg\" class=\"attachment-medium size-medium\" alt=\"\" loading=\"lazy\" \/><\/div>\n\t\t<\/a>\n\t\t\t\t<div class=\"elementor-post__text\">\n\t\t\t\t<h3 class=\"elementor-post__title\">\n\t\t\t<a href=\"https:\/\/psfodele.gr\/fr\/fodele\/sentiers\/deuxieme-pont\/\" >\n\t\t\t\tDeuxi\u00e8me pont\t\t\t<\/a>\n\t\t<\/h3>\n\t\t\t\t\t<a class=\"elementor-post__read-more\" href=\"https:\/\/psfodele.gr\/fr\/fodele\/sentiers\/deuxieme-pont\/\" >\n\t\t\t\tPlus\t\t\t<\/a>\n\t\t\t\t<\/div>\n\t\t\t\t<\/article>\n\t\t\t\t<article class=\"elementor-post elementor-grid-item post-6406 page type-page status-publish has-post-thumbnail hentry entry has-media\">\n\t\t\t\t<a class=\"elementor-post__thumbnail__link\" href=\"https:\/\/psfodele.gr\/fr\/fodele\/sentiers\/la-sortie-du-village\/\" >\n\t\t\t<div class=\"elementor-post__thumbnail\"><img width=\"300\" height=\"225\" src=\"https:\/\/psfodele.gr\/wp-content\/uploads\/2020\/07\/01-site099-300x225.jpg\" class=\"attachment-medium size-medium\" alt=\"\" loading=\"lazy\" \/><\/div>\n\t\t<\/a>\n\t\t\t\t<div class=\"elementor-post__text\">\n\t\t\t\t<h3 class=\"elementor-post__title\">\n\t\t\t<a href=\"https:\/\/psfodele.gr\/fr\/fodele\/sentiers\/la-sortie-du-village\/\" >\n\t\t\t\tLa sortie du village\t\t\t<\/a>\n\t\t<\/h3>\n\t\t\t\t\t<a class=\"elementor-post__read-more\" href=\"https:\/\/psfodele.gr\/fr\/fodele\/sentiers\/la-sortie-du-village\/\" >\n\t\t\t\tPlus\t\t\t<\/a>\n\t\t\t\t<\/div>\n\t\t\t\t<\/article>\n\t\t\t\t<article class=\"elementor-post elementor-grid-item post-6431 page type-page status-publish has-post-thumbnail hentry entry has-media\">\n\t\t\t\t<a class=\"elementor-post__thumbnail__link\" href=\"https:\/\/psfodele.gr\/fr\/fodele\/sentiers\/kouledes\/\" >\n\t\t\t<div class=\"elementor-post__thumbnail\"><img width=\"300\" height=\"225\" src=\"https:\/\/psfodele.gr\/wp-content\/uploads\/2020\/07\/003-300x225.jpg\" class=\"attachment-medium size-medium\" alt=\"\" loading=\"lazy\" \/><\/div>\n\t\t<\/a>\n\t\t\t\t<div class=\"elementor-post__text\">\n\t\t\t\t<h3 class=\"elementor-post__title\">\n\t\t\t<a href=\"https:\/\/psfodele.gr\/fr\/fodele\/sentiers\/kouledes\/\" >\n\t\t\t\tKouledes\t\t\t<\/a>\n\t\t<\/h3>\n\t\t\t\t\t<a class=\"elementor-post__read-more\" href=\"https:\/\/psfodele.gr\/fr\/fodele\/sentiers\/kouledes\/\" >\n\t\t\t\tPlus\t\t\t<\/a>\n\t\t\t\t<\/div>\n\t\t\t\t<\/article>\n\t\t\t\t<\/div>\n\n\n\t\t\n\t\t\t\t<\/div>\n\t\t\t\t<\/div>\n\t\t\t\t\t\t<\/div>\n\t\t\t\t\t<\/div>\n\t\t<\/div>\n\t\t\t\t\t\t\t\t<\/div>\n\t\t\t\t\t<\/div>\n\t\t<\/section>\n\t\t\t\t\t\t\t\t\t<\/div>\n\t\t\t<\/div>\n\t\t\t\t\t<\/div>\n\t\t","protected":false},"excerpt":{"rendered":"<p>Apr\u00e8s avoir visit\u00e9 le fameux platane (qui porte la plaque d\u00e9dicatoire) au centre du village, on peut suivre le chemin de paysage propos\u00e9 par l&rsquo;association<\/p>\n","protected":false},"author":5,"featured_media":1563,"parent":6584,"menu_order":0,"comment_status":"closed","ping_status":"closed","template":"","meta":[],"_links":{"self":[{"href":"https:\/\/psfodele.gr\/fr\/wp-json\/wp\/v2\/pages\/6492"}],"collection":[{"href":"https:\/\/psfodele.gr\/fr\/wp-json\/wp\/v2\/pages"}],"about":[{"href":"https:\/\/psfodele.gr\/fr\/wp-json\/wp\/v2\/types\/page"}],"author":[{"embeddable":true,"href":"https:\/\/psfodele.gr\/fr\/wp-json\/wp\/v2\/users\/5"}],"replies":[{"embeddable":true,"href":"https:\/\/psfodele.gr\/fr\/wp-json\/wp\/v2\/comments?post=6492"}],"version-history":[{"count":4,"href":"https:\/\/psfodele.gr\/fr\/wp-json\/wp\/v2\/pages\/6492\/revisions"}],"predecessor-version":[{"id":7524,"href":"https:\/\/psfodele.gr\/fr\/wp-json\/wp\/v2\/pages\/6492\/revisions\/7524"}],"up":[{"embeddable":true,"href":"https:\/\/psfodele.gr\/fr\/wp-json\/wp\/v2\/pages\/6584"}],"wp:featuredmedia":[{"embeddable":true,"href":"https:\/\/psfodele.gr\/fr\/wp-json\/wp\/v2\/media\/1563"}],"wp:attachment":[{"href":"https:\/\/psfodele.gr\/fr\/wp-json\/wp\/v2\/media?parent=6492"}],"curies":[{"name":"wp","href":"https:\/\/api.w.org\/{rel}","templated":true}]}}